{"id":4485,"date":"2026-05-07T17:11:49","date_gmt":"2026-05-07T17:11:49","guid":{"rendered":"https:\/\/weddyplans.at\/?page_id=4485"},"modified":"2026-05-11T20:03:57","modified_gmt":"2026-05-11T20:03:57","slug":"location-etzlbergerhof","status":"publish","type":"page","link":"https:\/\/weddyplans.at\/index.php\/location-etzlbergerhof\/","title":{"rendered":"Hochzeitslocation"},"content":{"rendered":"\t\t<div data-elementor-type=\"wp-post\" data-elementor-id=\"4485\" class=\"elementor elementor-4485\">\n\t\t\t\t\t\t<div class=\"elementor-inner\">\n\t\t\t\t<div class=\"elementor-section-wrap\">\n\t\t\t\t\t\t\t\t\t<section class=\"elementor-section elementor-top-section elementor-element elementor-element-b4df592 elementor-section-boxed elementor-section-height-default elementor-section-height-default\" data-id=\"b4df592\" data-element_type=\"section\">\n\t\t\t\t\t\t<div class=\"elementor-container elementor-column-gap-no\">\n\t\t\t\t\t\t\t<div class=\"elementor-row\">\n\t\t\t\t\t<div class=\"elementor-column elementor-col-100 elementor-top-column elementor-element elementor-element-a4db6bd\" data-id=\"a4db6bd\" data-element_type=\"column\">\n\t\t\t<div class=\"elementor-column-wrap elementor-element-populated\">\n\t\t\t\t\t\t\t<div class=\"elementor-widget-wrap\">\n\t\t\t\t\t\t<div class=\"elementor-element elementor-element-ff14bfd animated-fast elementor-invisible elementor-widget elementor-widget-heading\" data-id=\"ff14bfd\" data-element_type=\"widget\" data-settings=\"{&quot;_animation&quot;:&quot;opal-move-up&quot;}\" data-widget_type=\"heading.default\">\n\t\t\t\t<div class=\"elementor-widget-container\">\n\t\t\t<h2 class=\"elementor-heading-title elementor-size-default\">Etzlbergerhof<\/h2>\t\t<\/div>\n\t\t\t\t<\/div>\n\t\t\t\t<div class=\"elementor-element elementor-element-955a026 elementor-widget elementor-widget-text-editor\" data-id=\"955a026\" data-element_type=\"widget\" data-widget_type=\"text-editor.default\">\n\t\t\t\t<div class=\"elementor-widget-container\">\n\t\t\t        <div class=\"elementor-text-editor elementor-clearfix\"><p style=\"text-align: center;\">Der Hof &#8211; einzigartig &amp; voller Athmosph\u00e4re<\/p><\/div>\n        \t\t<\/div>\n\t\t\t\t<\/div>\n\t\t\t\t<div class=\"elementor-element elementor-element-e2b40c5 elementor-widget elementor-widget-text-editor\" data-id=\"e2b40c5\" data-element_type=\"widget\" data-widget_type=\"text-editor.default\">\n\t\t\t\t<div class=\"elementor-widget-container\">\n\t\t\t        <div class=\"elementor-text-editor elementor-clearfix\"><p style=\"text-align: center;\">Ein Ort, an dem aus besonderen Momenten bleibende Erinnerungen werden!<\/p><\/div>\n        \t\t<\/div>\n\t\t\t\t<\/div>\n\t\t\t\t<div class=\"elementor-element elementor-element-2f369ff elementor-widget elementor-widget-image\" data-id=\"2f369ff\" data-element_type=\"widget\" data-widget_type=\"image.default\">\n\t\t\t\t<div class=\"elementor-widget-container\">\n\t\t\t\t\t\t\t\t<div class=\"elementor-image\">\n\t\t\t\t\t\t\t\t\t\t\t\t<img loading=\"lazy\" decoding=\"async\" width=\"1\" height=\"1\" src=\"https:\/\/weddyplans.at\/wp-content\/uploads\/2026\/05\/DJI_20260424194530_0075_D.jpg\" class=\"attachment-large size-large\" alt=\"\" \/>\t\t\t\t\t\t\t\t\t\t\t\t\t\t<\/div>\n\t\t\t\t\t\t<\/div>\n\t\t\t\t<\/div>\n\t\t\t\t<div class=\"elementor-element elementor-element-5939850 elementor-widget elementor-widget-text-editor\" data-id=\"5939850\" data-element_type=\"widget\" data-widget_type=\"text-editor.default\">\n\t\t\t\t<div class=\"elementor-widget-container\">\n\t\t\t        <div class=\"elementor-text-editor elementor-clearfix\"><p>\u00a0<\/p><p><strong>Etzlbergerhof \u2013 Eure Hochzeitslocation in Ober\u00f6sterreich<\/strong><\/p><p><strong>Heiraten inmitten von Natur, Romantik &amp; besonderem Ambiente<\/strong><\/p><p>Der Etzlbergerhof ist eine einzigartige Hochzeitslocation in Ober\u00f6sterreich \u2013 geschaffen f\u00fcr unvergessliche Momente, emotionale Augenblicke und Feste voller Liebe. Umgeben von idyllischer Natur verbindet unser Hof rustikalen Charme mit stilvollem Ambiente und bietet den perfekten Rahmen f\u00fcr eure Traumhochzeit.<\/p><p><strong>Eure Hochzeit. So individuell wie eure Liebe.<\/strong><\/p><p>Ob romantische freie Trauung im Gr\u00fcnen, stilvolle Agape im Innenhof oder ausgelassene Feier bis in die Nacht \u2013 am Etzlbergerhof wird eure Hochzeit zu einem ganz pers\u00f6nlichen Erlebnis. Die besondere Atmosph\u00e4re unseres Hofes schafft den idealen Ort f\u00fcr kleine, intime Feiern ebenso wie f\u00fcr gro\u00dfe Hochzeitsgesellschaften.<\/p><p><strong>Feiern mit Charakter &amp; Herzlichkeit<\/strong><\/p><p>Mit viel Liebe zum Detail vereint der Etzlbergerhof Tradition, Nat\u00fcrlichkeit und modernes Hochzeitsflair. Stilvolle Dekorationen und die traumhafte Umgebung machen jede Feier einzigartig. Dabei begleiten wir euch mit pers\u00f6nlicher Betreuung und echter Gastfreundschaft auf dem Weg zu eurem besonderen Tag.<\/p><p><strong>Ein Ort f\u00fcr Erinnerungen f\u00fcrs Leben<\/strong><\/p><p>Vom ersten Empfang bis zum letzten Tanz entstehen am Etzlbergerhof Erinnerungen, die bleiben. Die nat\u00fcrliche Kulisse bietet zudem zahlreiche wundersch\u00f6ne Pl\u00e4tze f\u00fcr emotionale Hochzeitsfotos und unvergessliche Augenblicke mit euren Liebsten.<\/p><p><strong>Wir freuen uns auf euren gro\u00dfen Tag<\/strong><\/p><p>Lasst uns gemeinsam eure Traumhochzeit verwirklichen und euren besonderen Tag zu etwas Einzigartigem machen.<\/p><p><strong>Etzlbergerhof \u2013 Hochzeiten mit Atmosph\u00e4re, Herzlichkeit &amp; unvergesslichen Momenten in Ober\u00f6sterreich.<\/strong><\/p><\/div>\n        \t\t<\/div>\n\t\t\t\t<\/div>\n\t\t\t\t<div class=\"elementor-element elementor-element-b59246a elementor-widget elementor-widget-foogallery\" data-id=\"b59246a\" data-element_type=\"widget\" data-widget_type=\"foogallery.default\">\n\t\t\t\t<div class=\"elementor-widget-container\">\n\t\t\t\t\t\t<style>\r\n                #foogallery-gallery-4495.fg-masonry .fg-item {\r\n                    width: 250px;\r\n                    margin-right: 10px;\r\n                    margin-bottom: 10px;\r\n                }\r\n\t\t\t<\/style>\r\n\t\t\t<div class=\"foogallery foogallery-container foogallery-masonry foogallery-lightbox-none fg-center fg-masonry fg-dark fg-border-thin fg-shadow-small fg-loading-default fg-loaded-fade-in fg-captions-bottom fg-hover-fade fg-hover-plus fg-ready fg-fixed\" id=\"foogallery-gallery-4495\" data-foogallery=\"{&quot;item&quot;:{&quot;showCaptionTitle&quot;:true,&quot;showCaptionDescription&quot;:true},&quot;lazy&quot;:true,&quot;template&quot;:{&quot;columnWidth&quot;:250,&quot;gutter&quot;:10}}\" >\r\n\t\t<div class=\"fg-item fg-type-image fg-idle\"><figure class=\"fg-item-inner\"><a href=\"https:\/\/weddyplans.at\/wp-content\/uploads\/2026\/05\/M243012.jpg\" data-attachment-id=\"4505\" class=\"fg-thumb\" rel=\"lightbox[4485]\"><span class=\"fg-image-wrap\"><img width=\"250\" class=\"skip-lazy fg-image\" data-src-fg=\"https:\/\/weddyplans.at\/wp-content\/uploads\/2026\/05\/M243012.jpg\" loading=\"eager\"><\/span><span class=\"fg-image-overlay\"><\/span><\/a><\/figure><div class=\"fg-loader\"><\/div><\/div><div class=\"fg-item fg-type-image fg-idle\"><figure class=\"fg-item-inner\"><a href=\"https:\/\/weddyplans.at\/wp-content\/uploads\/2026\/05\/M244450-1.jpg\" data-attachment-id=\"4550\" class=\"fg-thumb\" rel=\"lightbox[4485]\"><span class=\"fg-image-wrap\"><img width=\"250\" class=\"skip-lazy fg-image\" data-src-fg=\"https:\/\/weddyplans.at\/wp-content\/uploads\/2026\/05\/M244450-1.jpg\" loading=\"eager\"><\/span><span class=\"fg-image-overlay\"><\/span><\/a><\/figure><div class=\"fg-loader\"><\/div><\/div><div class=\"fg-item fg-type-image fg-idle\"><figure class=\"fg-item-inner\"><a href=\"https:\/\/weddyplans.at\/wp-content\/uploads\/2026\/05\/M244385.jpg\" data-attachment-id=\"4548\" class=\"fg-thumb\" rel=\"lightbox[4485]\"><span class=\"fg-image-wrap\"><img width=\"250\" class=\"skip-lazy fg-image\" data-src-fg=\"https:\/\/weddyplans.at\/wp-content\/uploads\/2026\/05\/M244385.jpg\" loading=\"eager\"><\/span><span class=\"fg-image-overlay\"><\/span><\/a><\/figure><div class=\"fg-loader\"><\/div><\/div><div class=\"fg-item fg-type-image fg-idle\"><figure class=\"fg-item-inner\"><a href=\"https:\/\/weddyplans.at\/wp-content\/uploads\/2026\/05\/Etzlberger_-295-1.jpg\" data-attachment-id=\"4547\" class=\"fg-thumb\" rel=\"lightbox[4485]\"><span class=\"fg-image-wrap\"><img width=\"250\" class=\"skip-lazy fg-image\" data-src-fg=\"https:\/\/weddyplans.at\/wp-content\/uploads\/2026\/05\/Etzlberger_-295-1.jpg\" loading=\"eager\"><\/span><span class=\"fg-image-overlay\"><\/span><\/a><\/figure><div class=\"fg-loader\"><\/div><\/div><div class=\"fg-item fg-type-image fg-idle\"><figure class=\"fg-item-inner\"><a href=\"https:\/\/weddyplans.at\/wp-content\/uploads\/2026\/05\/M244065-1.jpg\" data-attachment-id=\"4546\" class=\"fg-thumb\" rel=\"lightbox[4485]\"><span class=\"fg-image-wrap\"><img width=\"250\" class=\"skip-lazy fg-image\" data-src-fg=\"https:\/\/weddyplans.at\/wp-content\/uploads\/2026\/05\/M244065-1.jpg\" loading=\"eager\"><\/span><span class=\"fg-image-overlay\"><\/span><\/a><\/figure><div class=\"fg-loader\"><\/div><\/div><div class=\"fg-item fg-type-image fg-idle\"><figure class=\"fg-item-inner\"><a href=\"https:\/\/weddyplans.at\/wp-content\/uploads\/2026\/05\/Etzlberger_-302.jpg\" data-attachment-id=\"4545\" class=\"fg-thumb\" rel=\"lightbox[4485]\"><span class=\"fg-image-wrap\"><img width=\"250\" class=\"skip-lazy fg-image\" data-src-fg=\"https:\/\/weddyplans.at\/wp-content\/uploads\/2026\/05\/Etzlberger_-302.jpg\" loading=\"eager\"><\/span><span class=\"fg-image-overlay\"><\/span><\/a><\/figure><div class=\"fg-loader\"><\/div><\/div><div class=\"fg-item fg-type-image fg-idle\"><figure class=\"fg-item-inner\"><a href=\"https:\/\/weddyplans.at\/wp-content\/uploads\/2026\/05\/M244652-scaled.jpg\" data-attachment-id=\"4544\" class=\"fg-thumb\" rel=\"lightbox[4485]\"><span class=\"fg-image-wrap\"><img fetchpriority=\"high\" decoding=\"async\" width=\"250\" height=\"375\" class=\"skip-lazy fg-image\" data-src-fg=\"https:\/\/weddyplans.at\/wp-content\/uploads\/cache\/2026\/05\/M244652-scaled\/340913684.jpg\" src=\"data:image\/svg+xml,%3Csvg%20xmlns%3D%22http%3A%2F%2Fwww.w3.org%2F2000%2Fsvg%22%20width%3D%22250%22%20height%3D%22375%22%20viewBox%3D%220%200%20250%20375%22%3E%3C%2Fsvg%3E\" loading=\"eager\"><\/span><span class=\"fg-image-overlay\"><\/span><\/a><\/figure><div class=\"fg-loader\"><\/div><\/div><div class=\"fg-item fg-type-image fg-idle\"><figure class=\"fg-item-inner\"><a href=\"https:\/\/weddyplans.at\/wp-content\/uploads\/2026\/05\/Etzlberger_-133-scaled.jpg\" data-attachment-id=\"4543\" class=\"fg-thumb\" rel=\"lightbox[4485]\"><span class=\"fg-image-wrap\"><img decoding=\"async\" width=\"250\" height=\"167\" class=\"skip-lazy fg-image\" data-src-fg=\"https:\/\/weddyplans.at\/wp-content\/uploads\/cache\/2026\/05\/Etzlberger_-133-scaled\/2746096876.jpg\" src=\"data:image\/svg+xml,%3Csvg%20xmlns%3D%22http%3A%2F%2Fwww.w3.org%2F2000%2Fsvg%22%20width%3D%22250%22%20height%3D%22167%22%20viewBox%3D%220%200%20250%20167%22%3E%3C%2Fsvg%3E\" loading=\"eager\"><\/span><span class=\"fg-image-overlay\"><\/span><\/a><\/figure><div class=\"fg-loader\"><\/div><\/div><div class=\"fg-item fg-type-image fg-idle\"><figure class=\"fg-item-inner\"><a href=\"https:\/\/weddyplans.at\/wp-content\/uploads\/2026\/05\/Etzlberger_-15.jpg\" data-attachment-id=\"4542\" class=\"fg-thumb\" rel=\"lightbox[4485]\"><span class=\"fg-image-wrap\"><img width=\"250\" class=\"skip-lazy fg-image\" data-src-fg=\"https:\/\/weddyplans.at\/wp-content\/uploads\/2026\/05\/Etzlberger_-15.jpg\" loading=\"eager\"><\/span><span class=\"fg-image-overlay\"><\/span><\/a><\/figure><div class=\"fg-loader\"><\/div><\/div><div class=\"fg-item fg-type-image fg-idle\"><figure class=\"fg-item-inner\"><a href=\"https:\/\/weddyplans.at\/wp-content\/uploads\/2026\/05\/M244319-scaled.jpg\" data-attachment-id=\"4541\" class=\"fg-thumb\" rel=\"lightbox[4485]\"><span class=\"fg-image-wrap\"><img decoding=\"async\" width=\"250\" height=\"375\" class=\"skip-lazy fg-image\" data-src-fg=\"https:\/\/weddyplans.at\/wp-content\/uploads\/cache\/2026\/05\/M244319-scaled\/2931486535.jpg\" src=\"data:image\/svg+xml,%3Csvg%20xmlns%3D%22http%3A%2F%2Fwww.w3.org%2F2000%2Fsvg%22%20width%3D%22250%22%20height%3D%22375%22%20viewBox%3D%220%200%20250%20375%22%3E%3C%2Fsvg%3E\" loading=\"eager\"><\/span><span class=\"fg-image-overlay\"><\/span><\/a><\/figure><div class=\"fg-loader\"><\/div><\/div><div class=\"fg-item fg-type-image fg-idle\"><figure class=\"fg-item-inner\"><a href=\"https:\/\/weddyplans.at\/wp-content\/uploads\/2026\/05\/M244373.jpg\" data-attachment-id=\"4549\" class=\"fg-thumb\" rel=\"lightbox[4485]\"><span class=\"fg-image-wrap\"><img width=\"250\" class=\"skip-lazy fg-image\" data-src-fg=\"https:\/\/weddyplans.at\/wp-content\/uploads\/2026\/05\/M244373.jpg\" loading=\"eager\"><\/span><span class=\"fg-image-overlay\"><\/span><\/a><\/figure><div class=\"fg-loader\"><\/div><\/div><\/div>\t\t<\/div>\n\t\t\t\t<\/div>\n\t\t\t\t<div class=\"elementor-element elementor-element-b06d4c8 elementor-widget elementor-widget-spacer\" data-id=\"b06d4c8\" data-element_type=\"widget\" data-widget_type=\"spacer.default\">\n\t\t\t\t<div class=\"elementor-widget-container\">\n\t\t\t\t\t<div class=\"elementor-spacer\">\n\t\t\t<div class=\"elementor-spacer-inner\"><\/div>\n\t\t<\/div>\n\t\t\t\t<\/div>\n\t\t\t\t<\/div>\n\t\t\t\t<div class=\"elementor-element elementor-element-4fc2965 elementor-widget elementor-widget-spacer\" data-id=\"4fc2965\" data-element_type=\"widget\" data-widget_type=\"spacer.default\">\n\t\t\t\t<div class=\"elementor-widget-container\">\n\t\t\t\t\t<div class=\"elementor-spacer\">\n\t\t\t<div class=\"elementor-spacer-inner\"><\/div>\n\t\t<\/div>\n\t\t\t\t<\/div>\n\t\t\t\t<\/div>\n\t\t\t\t<div class=\"elementor-element elementor-element-62b68c5 animated-fast elementor-invisible elementor-widget elementor-widget-text-editor\" data-id=\"62b68c5\" data-element_type=\"widget\" data-settings=\"{&quot;_animation&quot;:&quot;opal-move-up&quot;}\" data-widget_type=\"text-editor.default\">\n\t\t\t\t<div class=\"elementor-widget-container\">\n\t\t\t        <div class=\"elementor-text-editor elementor-clearfix\"><\/div>\n        \t\t<\/div>\n\t\t\t\t<\/div>\n\t\t\t\t<div class=\"elementor-element elementor-element-0bc2382 elementor-widget elementor-widget-spacer\" data-id=\"0bc2382\" data-element_type=\"widget\" data-widget_type=\"spacer.default\">\n\t\t\t\t<div class=\"elementor-widget-container\">\n\t\t\t\t\t<div class=\"elementor-spacer\">\n\t\t\t<div class=\"elementor-spacer-inner\"><\/div>\n\t\t<\/div>\n\t\t\t\t<\/div>\n\t\t\t\t<\/div>\n\t\t\t\t<div class=\"elementor-element elementor-element-663a001 elementor-widget elementor-widget-spacer\" data-id=\"663a001\" data-element_type=\"widget\" data-widget_type=\"spacer.default\">\n\t\t\t\t<div class=\"elementor-widget-container\">\n\t\t\t\t\t<div class=\"elementor-spacer\">\n\t\t\t<div class=\"elementor-spacer-inner\"><\/div>\n\t\t<\/div>\n\t\t\t\t<\/div>\n\t\t\t\t<\/div>\n\t\t\t\t<div class=\"elementor-element elementor-element-9ba311c elementor-widget elementor-widget-text-editor\" data-id=\"9ba311c\" data-element_type=\"widget\" data-widget_type=\"text-editor.default\">\n\t\t\t\t<div class=\"elementor-widget-container\">\n\t\t\t        <div class=\"elementor-text-editor elementor-clearfix\"><\/div>\n        \t\t<\/div>\n\t\t\t\t<\/div>\n\t\t\t\t\t\t<\/div>\n\t\t\t\t\t<\/div>\n\t\t<\/div>\n\t\t\t\t\t\t\t\t<\/div>\n\t\t\t\t\t<\/div>\n\t\t<\/section>\n\t\t\t\t<section class=\"elementor-section elementor-top-section elementor-element elementor-element-7f468eb elementor-section-stretched elementor-section-height-min-height elementor-section-boxed elementor-section-height-default elementor-section-items-middle\" data-id=\"7f468eb\" data-element_type=\"section\" data-settings=\"{&quot;stretch_section&quot;:&quot;section-stretched&quot;,&quot;background_background&quot;:&quot;classic&quot;}\">\n\t\t\t\t\t\t<div class=\"elementor-container elementor-column-gap-no\">\n\t\t\t\t\t\t\t<div class=\"elementor-row\">\n\t\t\t\t\t<div class=\"elementor-column elementor-col-50 elementor-top-column elementor-element elementor-element-5574e1f\" data-id=\"5574e1f\" data-element_type=\"column\" data-settings=\"{&quot;background_background&quot;:&quot;classic&quot;}\">\n\t\t\t<div class=\"elementor-column-wrap elementor-element-populated\">\n\t\t\t\t\t\t\t<div class=\"elementor-widget-wrap\">\n\t\t\t\t\t\t<div class=\"elementor-element elementor-element-007fffa elementor-widget elementor-widget-heading\" data-id=\"007fffa\" data-element_type=\"widget\" data-widget_type=\"heading.default\">\n\t\t\t\t<div class=\"elementor-widget-container\">\n\t\t\t<h2 class=\"elementor-heading-title elementor-size-default\">Besichtigungstermin vereinbaren:<br><\/h2>\t\t<\/div>\n\t\t\t\t<\/div>\n\t\t\t\t<div class=\"elementor-element elementor-element-0452e6e elementor-wpcf7-button-secondary elementor-wpcf7-button-md elementor-widget elementor-widget-opal-contactform7\" data-id=\"0452e6e\" data-element_type=\"widget\" data-widget_type=\"opal-contactform7.default\">\n\t\t\t\t<div class=\"elementor-widget-container\">\n\t\t\t<div role=\"form\" class=\"wpcf7\" id=\"wpcf7-f6-o1\" lang=\"de-DE\" dir=\"ltr\">\n<div class=\"screen-reader-response\" aria-live=\"polite\"><\/div>\n<form action=\"\/index.php\/wp-json\/wp\/v2\/pages\/4485#wpcf7-f6-o1\" method=\"post\" class=\"wpcf7-form\" novalidate=\"novalidate\">\n<div style=\"display: none;\">\n<input type=\"hidden\" name=\"_wpcf7\" value=\"6\" \/>\n<input type=\"hidden\" name=\"_wpcf7_version\" value=\"5.1.8\" \/>\n<input type=\"hidden\" name=\"_wpcf7_locale\" value=\"de_DE\" \/>\n<input type=\"hidden\" name=\"_wpcf7_unit_tag\" value=\"wpcf7-f6-o1\" \/>\n<input type=\"hidden\" name=\"_wpcf7_container_post\" value=\"0\" \/>\n<\/div>\n<p><label> Name<br \/>\n    <span class=\"wpcf7-form-control-wrap your-name\"><input type=\"text\" name=\"your-name\" value=\"\" size=\"40\" class=\"wpcf7-form-control wpcf7-text wpcf7-validates-as-required\" aria-required=\"true\" aria-invalid=\"false\" \/><\/span> <\/label><\/p>\n<p><label> Email<br \/>\n    <span class=\"wpcf7-form-control-wrap your-email\"><input type=\"email\" name=\"your-email\" value=\"\" size=\"40\" class=\"wpcf7-form-control wpcf7-text wpcf7-email wpcf7-validates-as-required wpcf7-validates-as-email\" aria-required=\"true\" aria-invalid=\"false\" \/><\/span> <\/label><\/p>\n<p><label> Betreff<br \/>\n    <span class=\"wpcf7-form-control-wrap your-subject\"><input type=\"text\" name=\"your-subject\" value=\"\" size=\"40\" class=\"wpcf7-form-control wpcf7-text\" aria-invalid=\"false\" \/><\/span> <\/label><\/p>\n<p><label> Nachricht<br \/>\n    <span class=\"wpcf7-form-control-wrap your-message\"><textarea name=\"your-message\" cols=\"40\" rows=\"10\" class=\"wpcf7-form-control wpcf7-textarea\" aria-invalid=\"false\"><\/textarea><\/span> <\/label><\/p>\n<p><input type=\"submit\" value=\"senden\" class=\"wpcf7-form-control wpcf7-submit\" \/><\/p>\n<div class=\"wpcf7-response-output wpcf7-display-none\" aria-hidden=\"true\"><\/div><\/form><\/div>\t\t<\/div>\n\t\t\t\t<\/div>\n\t\t\t\t\t\t<\/div>\n\t\t\t\t\t<\/div>\n\t\t<\/div>\n\t\t\t\t<div class=\"elementor-column elementor-col-50 elementor-top-column elementor-element elementor-element-feb4d2a\" data-id=\"feb4d2a\" data-element_type=\"column\">\n\t\t\t<div class=\"elementor-column-wrap\">\n\t\t\t\t\t\t\t<div class=\"elementor-widget-wrap\">\n\t\t\t\t\t\t\t\t<\/div>\n\t\t\t\t\t<\/div>\n\t\t<\/div>\n\t\t\t\t\t\t\t\t<\/div>\n\t\t\t\t\t<\/div>\n\t\t<\/section>\n\t\t\t\t\t\t\t\t\t<\/div>\n\t\t\t<\/div>\n\t\t\t\t\t<\/div>\n\t\t","protected":false},"excerpt":{"rendered":"<p>Etzlbergerhof Der Hof &#8211; einzigartig &amp; voller Athmosph\u00e4re Ein Ort, an dem aus besonderen Momenten bleibende Erinnerungen werden! \u00a0 Etzlbergerhof \u2013 Eure Hochzeitslocation in Ober\u00f6sterreich Heiraten inmitten von Natur, Romantik &amp; besonderem Ambiente Der Etzlbergerhof ist eine einzigartige Hochzeitslocation in Ober\u00f6sterreich \u2013 geschaffen f\u00fcr unvergessliche Momente, emotionale Augenblicke und Feste voller Liebe. Umgeben von idyllischer &hellip; <\/p>\n<p class=\"link-more\"><a href=\"https:\/\/weddyplans.at\/index.php\/location-etzlbergerhof\/\" class=\"more-link\">Read More <span class=\"screen-reader-text\"> &#8220;Hochzeitslocation&#8221;<\/span><\/a><\/p>\n","protected":false},"author":1,"featured_media":0,"parent":0,"menu_order":0,"comment_status":"closed","ping_status":"closed","template":"page-elementor.php","meta":{"inline_featured_image":false,"footnotes":""},"class_list":["post-4485","page","type-page","status-publish","hentry"],"_links":{"self":[{"href":"https:\/\/weddyplans.at\/index.php\/wp-json\/wp\/v2\/pages\/4485","targetHints":{"allow":["GET"]}}],"collection":[{"href":"https:\/\/weddyplans.at\/index.php\/wp-json\/wp\/v2\/pages"}],"about":[{"href":"https:\/\/weddyplans.at\/index.php\/wp-json\/wp\/v2\/types\/page"}],"author":[{"embeddable":true,"href":"https:\/\/weddyplans.at\/index.php\/wp-json\/wp\/v2\/users\/1"}],"replies":[{"embeddable":true,"href":"https:\/\/weddyplans.at\/index.php\/wp-json\/wp\/v2\/comments?post=4485"}],"version-history":[{"count":39,"href":"https:\/\/weddyplans.at\/index.php\/wp-json\/wp\/v2\/pages\/4485\/revisions"}],"predecessor-version":[{"id":4554,"href":"https:\/\/weddyplans.at\/index.php\/wp-json\/wp\/v2\/pages\/4485\/revisions\/4554"}],"wp:attachment":[{"href":"https:\/\/weddyplans.at\/index.php\/wp-json\/wp\/v2\/media?parent=4485"}],"curies":[{"name":"wp","href":"https:\/\/api.w.org\/{rel}","templated":true}]}}