{"id":4250,"date":"2026-02-21T17:42:58","date_gmt":"2026-02-21T17:42:58","guid":{"rendered":"https:\/\/weddyplans.at\/?page_id=4250"},"modified":"2026-02-21T18:07:23","modified_gmt":"2026-02-21T18:07:23","slug":"fotografie","status":"publish","type":"page","link":"https:\/\/weddyplans.at\/index.php\/fotografie\/","title":{"rendered":"Fotografie"},"content":{"rendered":"\t\t<div data-elementor-type=\"wp-post\" data-elementor-id=\"4250\" class=\"elementor elementor-4250\">\n\t\t\t\t\t\t<div class=\"elementor-inner\">\n\t\t\t\t<div class=\"elementor-section-wrap\">\n\t\t\t\t\t\t\t\t\t<section class=\"elementor-section elementor-top-section elementor-element elementor-element-b4df592 elementor-section-boxed elementor-section-height-default elementor-section-height-default\" data-id=\"b4df592\" data-element_type=\"section\">\n\t\t\t\t\t\t<div class=\"elementor-container elementor-column-gap-no\">\n\t\t\t\t\t\t\t<div class=\"elementor-row\">\n\t\t\t\t\t<div class=\"elementor-column elementor-col-100 elementor-top-column elementor-element elementor-element-a4db6bd\" data-id=\"a4db6bd\" data-element_type=\"column\">\n\t\t\t<div class=\"elementor-column-wrap elementor-element-populated\">\n\t\t\t\t\t\t\t<div class=\"elementor-widget-wrap\">\n\t\t\t\t\t\t<div class=\"elementor-element elementor-element-ff14bfd animated-fast elementor-invisible elementor-widget elementor-widget-heading\" data-id=\"ff14bfd\" data-element_type=\"widget\" data-settings=\"{&quot;_animation&quot;:&quot;opal-move-up&quot;}\" data-widget_type=\"heading.default\">\n\t\t\t\t<div class=\"elementor-widget-container\">\n\t\t\t<h2 class=\"elementor-heading-title elementor-size-default\">Hochzeitsfotografie<\/h2>\t\t<\/div>\n\t\t\t\t<\/div>\n\t\t\t\t<div class=\"elementor-element elementor-element-62b68c5 animated-fast elementor-invisible elementor-widget elementor-widget-text-editor\" data-id=\"62b68c5\" data-element_type=\"widget\" data-settings=\"{&quot;_animation&quot;:&quot;opal-move-up&quot;}\" data-widget_type=\"text-editor.default\">\n\t\t\t\t<div class=\"elementor-widget-container\">\n\t\t\t        <div class=\"elementor-text-editor elementor-clearfix\"><p>Mit feinem Gesp\u00fcr f\u00fcr Stimmungen, einem klaren Blick f\u00fcrs Wesentliche und \u00fcber 15 Jahren Erfahrung begleite ich euren Hochzeitstag fotografisch. Meine Bilder entstehen unaufdringlich, nat\u00fcrlich und voller echter Emotionen &#8211; Erinnerungen, die nicht gestellt wirken.<\/p><p>Gerade bei Hochzeiten sind es oft die leisen Augenblicke zwischen den gro\u00dfen Momenten, die am meisten bedeuten. Mit ruhiger Pr\u00e4senz, viel Einf\u00fchlungsverm\u00f6gen und sicherem technischen Blick sorge ich daf\u00fcr, dass ihr euch vor der Kamera wohlf\u00fchlt und ganz im Moment bleiben k\u00f6nnt. Ich arbeite aufmerksam im Hintergund, bin da, wenn es darauf ankommt.<\/p><p>So entstehen zeitlose Fotografien, die euren Hochzeitstag in seiner Atmosph\u00e4re, N\u00e4he und Emotionalit\u00e4t bewahren.<\/p><p>Julia M\u00fchlberger<\/p><\/div>\n        \t\t<\/div>\n\t\t\t\t<\/div>\n\t\t\t\t\t\t<\/div>\n\t\t\t\t\t<\/div>\n\t\t<\/div>\n\t\t\t\t\t\t\t\t<\/div>\n\t\t\t\t\t<\/div>\n\t\t<\/section>\n\t\t\t\t<section class=\"elementor-section elementor-top-section elementor-element elementor-element-a33af73 elementor-section-stretched elementor-section-full_width elementor-section-height-min-height elementor-section-content-middle elementor-section-height-default elementor-section-items-middle elementor-invisible\" data-id=\"a33af73\" data-element_type=\"section\" data-settings=\"{&quot;stretch_section&quot;:&quot;section-stretched&quot;,&quot;background_background&quot;:&quot;classic&quot;,&quot;animation&quot;:&quot;opal-move-up&quot;}\">\n\t\t\t\t\t\t\t<div class=\"elementor-background-overlay\"><\/div>\n\t\t\t\t\t\t\t<div class=\"elementor-container elementor-column-gap-no\">\n\t\t\t\t\t\t\t<div class=\"elementor-row\">\n\t\t\t\t\t<div class=\"elementor-column elementor-col-50 elementor-top-column elementor-element elementor-element-dcecae8\" data-id=\"dcecae8\" data-element_type=\"column\" data-settings=\"{&quot;background_background&quot;:&quot;classic&quot;}\">\n\t\t\t<div class=\"elementor-column-wrap\">\n\t\t\t\t\t\t\t<div class=\"elementor-widget-wrap\">\n\t\t\t\t\t\t\t\t<\/div>\n\t\t\t\t\t<\/div>\n\t\t<\/div>\n\t\t\t\t<div class=\"elementor-column elementor-col-50 elementor-top-column elementor-element elementor-element-1e95e62\" data-id=\"1e95e62\" data-element_type=\"column\">\n\t\t\t<div class=\"elementor-column-wrap elementor-element-populated\">\n\t\t\t\t\t\t\t<div class=\"elementor-widget-wrap\">\n\t\t\t\t\t\t<div class=\"elementor-element elementor-element-127afa0 elementor-widget elementor-widget-text-editor\" data-id=\"127afa0\" data-element_type=\"widget\" data-widget_type=\"text-editor.default\">\n\t\t\t\t<div class=\"elementor-widget-container\">\n\t\t\t        <div class=\"elementor-text-editor elementor-clearfix\"><p>Ich freue mich auf eure Anfrage!<\/p><\/div>\n        \t\t<\/div>\n\t\t\t\t<\/div>\n\t\t\t\t<div class=\"elementor-element elementor-element-ddd7d64 elementor-wpcf7-button-xl elementor-wpcf7-button-secondary elementor-invisible elementor-widget elementor-widget-opal-contactform7\" data-id=\"ddd7d64\" data-element_type=\"widget\" data-settings=\"{&quot;_animation&quot;:&quot;opal-move-up&quot;}\" data-widget_type=\"opal-contactform7.default\">\n\t\t\t\t<div class=\"elementor-widget-container\">\n\t\t\t<div role=\"form\" class=\"wpcf7\" id=\"wpcf7-f6-o1\" lang=\"de-DE\" dir=\"ltr\">\n<div class=\"screen-reader-response\" aria-live=\"polite\"><\/div>\n<form action=\"\/index.php\/wp-json\/wp\/v2\/pages\/4250#wpcf7-f6-o1\" method=\"post\" class=\"wpcf7-form\" novalidate=\"novalidate\">\n<div style=\"display: none;\">\n<input type=\"hidden\" name=\"_wpcf7\" value=\"6\" \/>\n<input type=\"hidden\" name=\"_wpcf7_version\" value=\"5.1.8\" \/>\n<input type=\"hidden\" name=\"_wpcf7_locale\" value=\"de_DE\" \/>\n<input type=\"hidden\" name=\"_wpcf7_unit_tag\" value=\"wpcf7-f6-o1\" \/>\n<input type=\"hidden\" name=\"_wpcf7_container_post\" value=\"0\" \/>\n<\/div>\n<p><label> Name<br \/>\n    <span class=\"wpcf7-form-control-wrap your-name\"><input type=\"text\" name=\"your-name\" value=\"\" size=\"40\" class=\"wpcf7-form-control wpcf7-text wpcf7-validates-as-required\" aria-required=\"true\" aria-invalid=\"false\" \/><\/span> <\/label><\/p>\n<p><label> Email<br \/>\n    <span class=\"wpcf7-form-control-wrap your-email\"><input type=\"email\" name=\"your-email\" value=\"\" size=\"40\" class=\"wpcf7-form-control wpcf7-text wpcf7-email wpcf7-validates-as-required wpcf7-validates-as-email\" aria-required=\"true\" aria-invalid=\"false\" \/><\/span> <\/label><\/p>\n<p><label> Betreff<br \/>\n    <span class=\"wpcf7-form-control-wrap your-subject\"><input type=\"text\" name=\"your-subject\" value=\"\" size=\"40\" class=\"wpcf7-form-control wpcf7-text\" aria-invalid=\"false\" \/><\/span> <\/label><\/p>\n<p><label> Nachricht<br \/>\n    <span class=\"wpcf7-form-control-wrap your-message\"><textarea name=\"your-message\" cols=\"40\" rows=\"10\" class=\"wpcf7-form-control wpcf7-textarea\" aria-invalid=\"false\"><\/textarea><\/span> <\/label><\/p>\n<p><input type=\"submit\" value=\"senden\" class=\"wpcf7-form-control wpcf7-submit\" \/><\/p>\n<div class=\"wpcf7-response-output wpcf7-display-none\" aria-hidden=\"true\"><\/div><\/form><\/div>\t\t<\/div>\n\t\t\t\t<\/div>\n\t\t\t\t\t\t<\/div>\n\t\t\t\t\t<\/div>\n\t\t<\/div>\n\t\t\t\t\t\t\t\t<\/div>\n\t\t\t\t\t<\/div>\n\t\t<\/section>\n\t\t\t\t\t\t\t\t\t<\/div>\n\t\t\t<\/div>\n\t\t\t\t\t<\/div>\n\t\t","protected":false},"excerpt":{"rendered":"<p>Hochzeitsfotografie Mit feinem Gesp\u00fcr f\u00fcr Stimmungen, einem klaren Blick f\u00fcrs Wesentliche und \u00fcber 15 Jahren Erfahrung begleite ich euren Hochzeitstag fotografisch. Meine Bilder entstehen unaufdringlich, nat\u00fcrlich und voller echter Emotionen &#8211; Erinnerungen, die nicht gestellt wirken. Gerade bei Hochzeiten sind es oft die leisen Augenblicke zwischen den gro\u00dfen Momenten, die am meisten bedeuten. Mit ruhiger &hellip; <\/p>\n<p class=\"link-more\"><a href=\"https:\/\/weddyplans.at\/index.php\/fotografie\/\" class=\"more-link\">Read More <span class=\"screen-reader-text\"> &#8220;Fotografie&#8221;<\/span><\/a><\/p>\n","protected":false},"author":1,"featured_media":0,"parent":0,"menu_order":0,"comment_status":"closed","ping_status":"closed","template":"page-elementor.php","meta":{"inline_featured_image":false,"footnotes":""},"class_list":["post-4250","page","type-page","status-publish","hentry"],"_links":{"self":[{"href":"https:\/\/weddyplans.at\/index.php\/wp-json\/wp\/v2\/pages\/4250","targetHints":{"allow":["GET"]}}],"collection":[{"href":"https:\/\/weddyplans.at\/index.php\/wp-json\/wp\/v2\/pages"}],"about":[{"href":"https:\/\/weddyplans.at\/index.php\/wp-json\/wp\/v2\/types\/page"}],"author":[{"embeddable":true,"href":"https:\/\/weddyplans.at\/index.php\/wp-json\/wp\/v2\/users\/1"}],"replies":[{"embeddable":true,"href":"https:\/\/weddyplans.at\/index.php\/wp-json\/wp\/v2\/comments?post=4250"}],"version-history":[{"count":11,"href":"https:\/\/weddyplans.at\/index.php\/wp-json\/wp\/v2\/pages\/4250\/revisions"}],"predecessor-version":[{"id":4272,"href":"https:\/\/weddyplans.at\/index.php\/wp-json\/wp\/v2\/pages\/4250\/revisions\/4272"}],"wp:attachment":[{"href":"https:\/\/weddyplans.at\/index.php\/wp-json\/wp\/v2\/media?parent=4250"}],"curies":[{"name":"wp","href":"https:\/\/api.w.org\/{rel}","templated":true}]}}