{"id":3859,"date":"2020-04-18T21:15:37","date_gmt":"2020-04-18T21:15:37","guid":{"rendered":"https:\/\/weddyplans.at\/?page_id=3859"},"modified":"2026-02-21T19:56:02","modified_gmt":"2026-02-21T19:56:02","slug":"datenschutzerklaerung","status":"publish","type":"page","link":"https:\/\/weddyplans.at\/index.php\/datenschutzerklaerung\/","title":{"rendered":"Datenschutz"},"content":{"rendered":"\t\t<div data-elementor-type=\"wp-page\" data-elementor-id=\"3859\" class=\"elementor elementor-3859\">\n\t\t\t\t\t\t<div class=\"elementor-inner\">\n\t\t\t\t<div class=\"elementor-section-wrap\">\n\t\t\t\t\t\t\t\t\t<section class=\"elementor-section elementor-top-section elementor-element elementor-element-10c490c2 elementor-section-boxed elementor-section-height-default elementor-section-height-default\" data-id=\"10c490c2\" data-element_type=\"section\">\n\t\t\t\t\t\t<div class=\"elementor-container elementor-column-gap-default\">\n\t\t\t\t\t\t\t<div class=\"elementor-row\">\n\t\t\t\t\t<div class=\"elementor-column elementor-col-100 elementor-top-column elementor-element elementor-element-d2836c1\" data-id=\"d2836c1\" data-element_type=\"column\">\n\t\t\t<div class=\"elementor-column-wrap elementor-element-populated\">\n\t\t\t\t\t\t\t<div class=\"elementor-widget-wrap\">\n\t\t\t\t\t\t<div class=\"elementor-element elementor-element-7a8b655e elementor-widget elementor-widget-text-editor\" data-id=\"7a8b655e\" data-element_type=\"widget\" data-widget_type=\"text-editor.default\">\n\t\t\t\t<div class=\"elementor-widget-container\">\n\t\t\t        <div class=\"elementor-text-editor elementor-clearfix\"><h2><strong>Datenschutzerkl\u00e4rung<\/strong><\/h2>\n<h3><strong>Erkl\u00e4rung zur Informationspflicht <\/strong><strong>(Datenschutzerkl\u00e4rung)<\/strong><\/h3>\n<p>Der Schutz Ihrer pers\u00f6nlichen Daten ist uns ein gro\u00dfes Anliegen. Verarbeitet werden Ihre Daten daher ausschlie\u00dflich auf Grundlage der gesetzlichen Bestimmungen (DSGVO, TKG 2003). In diesem Informationsschreiben bez\u00fcglich ihres Datenschutzes informieren wir Sie \u00fcber die wichtigsten Aspekte der Datenverarbeitung im Rahmen unserer Website und unserer Social Media Pr\u00e4senzen.<\/p>\n<h3><strong>Arten der verarbeiteten Daten:<\/strong><\/h3>\n<ul>\n<li>Kontaktdaten (E-Mail, Telefonnummern)<\/li>\n<li>Bestandsdaten (Namen, Adressen)<\/li>\n<li>Inhaltsdaten (Texte, Fotos, Videos)<\/li>\n<li>Nutzungsdaten (besuchte Webseiten, Interesse an Inhalten, usw.)<\/li>\n<\/ul>\n<h2><strong>Datensicherheit<\/strong><\/h2>\n<p>Um Ihre Daten sicher zu sch\u00fctzen, wenden wir folgende Datenschutzrichtlinien an:<\/p>\n<ul>\n<li>Verschl\u00fcsselung und sichere Speicherung der pers\u00f6nlichen Daten<\/li>\n<li>Keine Weitergabe von Daten an Dritte<\/li>\n<li>Regelm\u00e4\u00dfige Aktualisierungen aller Elemente der Website<\/li>\n<li>Nur Verwendung von vertrauensw\u00fcrdigen, reputations-gepr\u00fcften Website Tools und Themes<\/li>\n<\/ul>\n<h2><strong>Kontakt mit mir<\/strong><\/h2>\n<p>Wenn Sie uns per E-Mail kontaktieren, werden Ihre angegebenen Daten zwecks Bearbeitung der Anfrage und f\u00fcr den Fall von Anschlussfragen sechs Monate bei uns gespeichert. Diese Daten geben wir nicht ohne Ihre Einwilligung weiter.<\/p>\n<h3><strong>Sie erreichen uns unter: <\/strong><\/h3>\n<p>Sabrina Hofer<\/p>\n<p>Kleinzell 99, A \u2013 4115 Kleinzell im M\u00fchlkreis<\/p>\n<p>Tel: +43\u00a0660 1660330<\/p>\n<p>E-Mail: office@weddyplans.at<\/p>\n<p>Web: <a href=\"http:\/\/www.weddyplans.at\">www.weddyplans.at<\/a><\/p>\n<h2><strong>Drittanbieter \u2013 Einsatz von Social Media<\/strong><\/h2>\n<p>Unsere Webpr\u00e4senz bietet Ihnen die M\u00f6glichkeit, mittels \u201eSocialBookmarks\u201c Links zu unseren Inhalten auf Social Media Plattformen zu teilen, wobei zun\u00e4chst keine personenbezogenen Daten an diese Anbieter \u00fcbertragen werden. F\u00fcr diese Funktion setzen wir das Plugin Shariff Wrapper ein \u2013es werden erst personenbezogene Daten an die sozialen Netzwerke \u00fcbertragen werden, nachdem Sie auf einen Teilen-Button geklickt haben. Es ist somit DSGVO-konform.<\/p>\n<p>Durch Ihren Aufruf der Website des jeweiligen Social Media Anbieters werden Daten automatisiert an den jeweiligen Dienstanbieter \u00fcbermittelt und dort gespeichert. Wir haben keinen Einfluss auf die erhobenen Daten und Datenverarbeitungsvorg\u00e4nge, noch sind uns der volle Umfang der Datenerhebung, die Zwecke sowie die Speicherfristen bekannt. Bei den Datenschutzerkl\u00e4rungen dieser Anbieter erhalten Sie weitere Informationen zu Ihren Rechten und Einstellungsm\u00f6glichkeiten zum Schutz Ihrer Privatsph\u00e4re:<\/p>\n<ul>\n<li>Google Inc. (Datenschutzerkl\u00e4rung)<\/li>\n<li>Instagram (https:\/\/help.instagram.com\/519522125107875)<\/li>\n<li>Facebook (Datenrichtlinien)<\/li>\n<li>Pinterest (https:\/\/policy.pinterest.com\/de\/privacy-policy)<\/li>\n<\/ul>\n<h2><strong>Ihre Rechte<\/strong><\/h2>\n<p>Ihnen stehen grunds\u00e4tzlich die Rechte auf Auskunft, Berichtigung, L\u00f6schung, Einschr\u00e4nkung, Daten\u00fcbertragbarkeit, Widerruf und Widerspruch zu. Als Betroffene stehen Ihnen folgende Rechte zu: Recht auf Auskunft (Artikel 15 DSGVO), Recht auf Berichtigung (Artikel 16 DSGVO\u201c, Recht auf L\u00f6schung (Artikel 17 DSGVO), Recht auf Einschr\u00e4nkung (Artikel 18 DSGVO), Daten\u00fcbertragbarkeit (Artikel 20 DSGVO) sowie Recht auf Widerspruch (Artikel 21 DSGVO).<\/p>\n<p>Die genannten Betroffenenrechte k\u00f6nnen Sie per E-Mail an <a href=\"mailto:office@weddyplans.at\">office@weddyplans.at<\/a> geltend machen.<\/p>\n<h2><strong>Beschwerderecht bei der Datenschutzbeh\u00f6rde<\/strong><\/h2>\n<p>Wenn Sie glauben, dass die Verarbeitung Ihrer Daten gegen das Datenschutzrecht verst\u00f6\u00dft oder Ihre datenschutzrechtlichen Anspr\u00fcche sonst in einer Weise verletzt worden sind, k\u00f6nnen Sie bei der Aufsichtsbeh\u00f6rde Beschwerde einlegen. In \u00d6sterreich ist dies die Datenschutzbeh\u00f6rde: Wickenburggasse 8-10, 1080 Wien, Tel +43 1 52 152-0, E-Mail: <a href=\"mailto:dsb@dsb.gv.at\">dsb@dsb.gv.at<\/a>.<\/p>\n<h2><strong>Allgemeines<\/strong><\/h2>\n<p>Wir behalten uns das Recht vor, diese Datenschutzerkl\u00e4rung mit Stand Mai 2019 jederzeit mit Wirkung f\u00fcr die Zukunft zu \u00e4ndern, die jeweils aktuelle Version ist auf unserem Webauftritt abrufbar.<\/p>\n<!-- wp:heading --><!-- \/wp:paragraph --><!-- wp:paragraph --><!-- \/wp:heading --><\/div>\n        \t\t<\/div>\n\t\t\t\t<\/div>\n\t\t\t\t\t\t<\/div>\n\t\t\t\t\t<\/div>\n\t\t<\/div>\n\t\t\t\t\t\t\t\t<\/div>\n\t\t\t\t\t<\/div>\n\t\t<\/section>\n\t\t\t\t\t\t\t\t\t<\/div>\n\t\t\t<\/div>\n\t\t\t\t\t<\/div>\n\t\t","protected":false},"excerpt":{"rendered":"<p>Datenschutzerkl\u00e4rung Erkl\u00e4rung zur Informationspflicht (Datenschutzerkl\u00e4rung) Der Schutz Ihrer pers\u00f6nlichen Daten ist uns ein gro\u00dfes Anliegen. Verarbeitet werden Ihre Daten daher ausschlie\u00dflich auf Grundlage der gesetzlichen Bestimmungen (DSGVO, TKG 2003). In diesem Informationsschreiben bez\u00fcglich ihres Datenschutzes informieren wir Sie \u00fcber die wichtigsten Aspekte der Datenverarbeitung im Rahmen unserer Website und unserer Social Media Pr\u00e4senzen. Arten der &hellip; <\/p>\n<p class=\"link-more\"><a href=\"https:\/\/weddyplans.at\/index.php\/datenschutzerklaerung\/\" class=\"more-link\">Read More <span class=\"screen-reader-text\"> &#8220;Datenschutz&#8221;<\/span><\/a><\/p>\n","protected":false},"author":1,"featured_media":0,"parent":0,"menu_order":0,"comment_status":"closed","ping_status":"closed","template":"","meta":{"inline_featured_image":false,"footnotes":""},"class_list":["post-3859","page","type-page","status-publish","hentry"],"_links":{"self":[{"href":"https:\/\/weddyplans.at\/index.php\/wp-json\/wp\/v2\/pages\/3859","targetHints":{"allow":["GET"]}}],"collection":[{"href":"https:\/\/weddyplans.at\/index.php\/wp-json\/wp\/v2\/pages"}],"about":[{"href":"https:\/\/weddyplans.at\/index.php\/wp-json\/wp\/v2\/types\/page"}],"author":[{"embeddable":true,"href":"https:\/\/weddyplans.at\/index.php\/wp-json\/wp\/v2\/users\/1"}],"replies":[{"embeddable":true,"href":"https:\/\/weddyplans.at\/index.php\/wp-json\/wp\/v2\/comments?post=3859"}],"version-history":[{"count":5,"href":"https:\/\/weddyplans.at\/index.php\/wp-json\/wp\/v2\/pages\/3859\/revisions"}],"predecessor-version":[{"id":4339,"href":"https:\/\/weddyplans.at\/index.php\/wp-json\/wp\/v2\/pages\/3859\/revisions\/4339"}],"wp:attachment":[{"href":"https:\/\/weddyplans.at\/index.php\/wp-json\/wp\/v2\/media?parent=3859"}],"curies":[{"name":"wp","href":"https:\/\/api.w.org\/{rel}","templated":true}]}}