{"id":3778,"date":"2020-04-17T21:52:26","date_gmt":"2020-04-17T21:52:26","guid":{"rendered":"https:\/\/weddyplans.at\/?page_id=3778"},"modified":"2026-02-23T16:41:44","modified_gmt":"2026-02-23T16:41:44","slug":"freie-reden-2","status":"publish","type":"page","link":"https:\/\/weddyplans.at\/index.php\/freie-reden-2\/","title":{"rendered":"Freie Reden"},"content":{"rendered":"\t\t<div data-elementor-type=\"wp-post\" data-elementor-id=\"3778\" class=\"elementor elementor-3778\">\n\t\t\t\t\t\t<div class=\"elementor-inner\">\n\t\t\t\t<div class=\"elementor-section-wrap\">\n\t\t\t\t\t\t\t\t\t<section class=\"elementor-section elementor-top-section elementor-element elementor-element-b4df592 elementor-section-boxed elementor-section-height-default elementor-section-height-default\" data-id=\"b4df592\" data-element_type=\"section\">\n\t\t\t\t\t\t<div class=\"elementor-container elementor-column-gap-no\">\n\t\t\t\t\t\t\t<div class=\"elementor-row\">\n\t\t\t\t\t<div class=\"elementor-column elementor-col-100 elementor-top-column elementor-element elementor-element-a4db6bd\" data-id=\"a4db6bd\" data-element_type=\"column\">\n\t\t\t<div class=\"elementor-column-wrap elementor-element-populated\">\n\t\t\t\t\t\t\t<div class=\"elementor-widget-wrap\">\n\t\t\t\t\t\t<div class=\"elementor-element elementor-element-ff14bfd animated-fast elementor-invisible elementor-widget elementor-widget-heading\" data-id=\"ff14bfd\" data-element_type=\"widget\" data-settings=\"{&quot;_animation&quot;:&quot;opal-move-up&quot;}\" data-widget_type=\"heading.default\">\n\t\t\t\t<div class=\"elementor-widget-container\">\n\t\t\t<h2 class=\"elementor-heading-title elementor-size-default\">Freie Reden<\/h2>\t\t<\/div>\n\t\t\t\t<\/div>\n\t\t\t\t<div class=\"elementor-element elementor-element-316a260 elementor-widget elementor-widget-image\" data-id=\"316a260\" data-element_type=\"widget\" data-widget_type=\"image.default\">\n\t\t\t\t<div class=\"elementor-widget-container\">\n\t\t\t\t\t\t\t\t<div class=\"elementor-image\">\n\t\t\t\t\t\t\t\t\t\t\t\t<img loading=\"lazy\" decoding=\"async\" width=\"600\" height=\"400\" src=\"https:\/\/weddyplans.at\/wp-content\/uploads\/2026\/02\/IngeHorst056-1024x683.jpg\" class=\"attachment-large size-large\" alt=\"\" srcset=\"https:\/\/weddyplans.at\/wp-content\/uploads\/2026\/02\/IngeHorst056-1024x683.jpg 1024w, https:\/\/weddyplans.at\/wp-content\/uploads\/2026\/02\/IngeHorst056-300x200.jpg 300w, https:\/\/weddyplans.at\/wp-content\/uploads\/2026\/02\/IngeHorst056-768x512.jpg 768w, https:\/\/weddyplans.at\/wp-content\/uploads\/2026\/02\/IngeHorst056-1536x1024.jpg 1536w, https:\/\/weddyplans.at\/wp-content\/uploads\/2026\/02\/IngeHorst056-400x267.jpg 400w, https:\/\/weddyplans.at\/wp-content\/uploads\/2026\/02\/IngeHorst056.jpg 1600w\" sizes=\"auto, (max-width: 600px) 100vw, 600px\" \/>\t\t\t\t\t\t\t\t\t\t\t\t\t\t<\/div>\n\t\t\t\t\t\t<\/div>\n\t\t\t\t<\/div>\n\t\t\t\t<div class=\"elementor-element elementor-element-62b68c5 animated-fast elementor-invisible elementor-widget elementor-widget-text-editor\" data-id=\"62b68c5\" data-element_type=\"widget\" data-settings=\"{&quot;_animation&quot;:&quot;opal-move-up&quot;}\" data-widget_type=\"text-editor.default\">\n\t\t\t\t<div class=\"elementor-widget-container\">\n\t\t\t        <div class=\"elementor-text-editor elementor-clearfix\"><h3>\u00a0<\/h3><h3 style=\"text-align: left;\">Worte verbinden, ber\u00fchren und bleiben.<\/h3><h3 style=\"text-align: left;\">Als freie Rednerin wei\u00df ich, dass die sch\u00f6nsten Geschichten die sind, die das Leben schreibt.\u00a0<\/h3><h3 style=\"text-align: left;\">Mein Versprechen: Keine Texte von der Stange, keine leeren Phrasen. Sondern eine Rede, die euch widerspiegelt, eure G\u00e4ste ber\u00fchrt und als unvergesslicher Moment in Erinnerung bleibt.<\/h3><\/div>\n        \t\t<\/div>\n\t\t\t\t<\/div>\n\t\t\t\t<section class=\"elementor-section elementor-inner-section elementor-element elementor-element-694a37e elementor-section-full_width elementor-section-height-default elementor-section-height-default\" data-id=\"694a37e\" data-element_type=\"section\">\n\t\t\t\t\t\t<div class=\"elementor-container elementor-column-gap-no\">\n\t\t\t\t\t\t\t<div class=\"elementor-row\">\n\t\t\t\t\t<div class=\"elementor-column elementor-col-50 elementor-inner-column elementor-element elementor-element-514daab animated-fast elementor-invisible\" data-id=\"514daab\" data-element_type=\"column\" data-settings=\"{&quot;animation&quot;:&quot;opal-move-up&quot;}\">\n\t\t\t<div class=\"elementor-column-wrap elementor-element-populated\">\n\t\t\t\t\t\t\t<div class=\"elementor-widget-wrap\">\n\t\t\t\t\t\t<div class=\"elementor-element elementor-element-9f2c4f7 elementor-widget elementor-widget-heading\" data-id=\"9f2c4f7\" data-element_type=\"widget\" data-widget_type=\"heading.default\">\n\t\t\t\t<div class=\"elementor-widget-container\">\n\t\t\t<h2 class=\"elementor-heading-title elementor-size-default\">Freie Trauung<\/h2>\t\t<\/div>\n\t\t\t\t<\/div>\n\t\t\t\t<div class=\"elementor-element elementor-element-92b59af elementor-widget elementor-widget-text-editor\" data-id=\"92b59af\" data-element_type=\"widget\" data-widget_type=\"text-editor.default\">\n\t\t\t\t<div class=\"elementor-widget-container\">\n\t\t\t        <div class=\"elementor-text-editor elementor-clearfix\"><p>Ihr m\u00f6chtet eine Trauung, die wirklich zu euch passt? Frei von Vorgaben, offen f\u00fcr alles, was euch ausmacht &#8211; an jedem Ort, zu jeder Zeit?<\/p><p>Eine freie Trauung kann zu jeder Zeit an jedem gew\u00fcnschten Ort stattfinden. Die Gestaltungsm\u00f6glichkeiten sind v\u00f6llig frei und nahezu unendlich.\u00a0<\/p><p>Ich erz\u00e4hle Eure Liebesgeschichte in einer Art, die Euch und Eure G\u00e4ste ber\u00fchren wird! Von klassisch bis extravagant, von romantisch bis lustig &#8211; aber immer besonders und ganz pers\u00f6nlich!<\/p><p><strong>Ich schaffe Momente, an die Ihr Euch ein Leben lang erinnert.<\/strong><\/p><\/div>\n        \t\t<\/div>\n\t\t\t\t<\/div>\n\t\t\t\t\t\t<\/div>\n\t\t\t\t\t<\/div>\n\t\t<\/div>\n\t\t\t\t<div class=\"elementor-column elementor-col-50 elementor-inner-column elementor-element elementor-element-6460327 animated-fast elementor-invisible\" data-id=\"6460327\" data-element_type=\"column\" data-settings=\"{&quot;animation&quot;:&quot;opal-move-up&quot;,&quot;animation_delay&quot;:200}\">\n\t\t\t<div class=\"elementor-column-wrap elementor-element-populated\">\n\t\t\t\t\t\t\t<div class=\"elementor-widget-wrap\">\n\t\t\t\t\t\t<div class=\"elementor-element elementor-element-d8f86f3 elementor-widget elementor-widget-heading\" data-id=\"d8f86f3\" data-element_type=\"widget\" data-widget_type=\"heading.default\">\n\t\t\t\t<div class=\"elementor-widget-container\">\n\t\t\t<h2 class=\"elementor-heading-title elementor-size-default\">Willkommensfeier - freie Taufe - Namensgebung<\/h2>\t\t<\/div>\n\t\t\t\t<\/div>\n\t\t\t\t<div class=\"elementor-element elementor-element-04d0b97 elementor-widget elementor-widget-text-editor\" data-id=\"04d0b97\" data-element_type=\"widget\" data-widget_type=\"text-editor.default\">\n\t\t\t\t<div class=\"elementor-widget-container\">\n\t\t\t        <div class=\"elementor-text-editor elementor-clearfix\"><p>Ein Kind wurde geboren &#8211; etwas Gr\u00f6\u00dferes kann es im Leben nicht geben! Ein wundersch\u00f6ner Anlass, um zu feiern.<\/p><p>Aber wie kann man dies tun, wenn man seinem Kind keine Religion vorgeben m\u00f6chte, damit es diese Entscheidung sp\u00e4ter selbst treffen kann?<\/p><p>Ganz einfach! Mit einer Willkommensfeier &#8211; freien Taufe &#8211; Namensgebungsfeier!<\/p><p>WANN, WO und WIE ihr es f\u00fcr Euren kleinen Schatz w\u00fcnscht. <br \/>Gemeinsam gestalten wir das erste gro\u00dfe Fest f\u00fcr Euer Kind &#8211; ganz pers\u00f6nlich und individuell.<\/p><p>Nat\u00fcrlich &amp; kindgerecht, ungezwungen &amp; unverkrampft, leger &amp; locker.<\/p><\/div>\n        \t\t<\/div>\n\t\t\t\t<\/div>\n\t\t\t\t\t\t<\/div>\n\t\t\t\t\t<\/div>\n\t\t<\/div>\n\t\t\t\t\t\t\t\t<\/div>\n\t\t\t\t\t<\/div>\n\t\t<\/section>\n\t\t\t\t<div class=\"elementor-element elementor-element-7843edb elementor-widget elementor-widget-image\" data-id=\"7843edb\" data-element_type=\"widget\" data-widget_type=\"image.default\">\n\t\t\t\t<div class=\"elementor-widget-container\">\n\t\t\t\t\t\t\t\t<div class=\"elementor-image\">\n\t\t\t\t\t\t\t\t\t<figure class=\"wp-caption\">\n\t\t\t\t\t\t\t\t\t\t<img loading=\"lazy\" decoding=\"async\" width=\"600\" height=\"400\" src=\"https:\/\/weddyplans.at\/wp-content\/uploads\/2026\/02\/Judith-Sami-Skokanitsch-Fotografie-20230728-165513.jpg\" class=\"attachment-large size-large\" alt=\"\" srcset=\"https:\/\/weddyplans.at\/wp-content\/uploads\/2026\/02\/Judith-Sami-Skokanitsch-Fotografie-20230728-165513.jpg 640w, https:\/\/weddyplans.at\/wp-content\/uploads\/2026\/02\/Judith-Sami-Skokanitsch-Fotografie-20230728-165513-300x200.jpg 300w, https:\/\/weddyplans.at\/wp-content\/uploads\/2026\/02\/Judith-Sami-Skokanitsch-Fotografie-20230728-165513-400x267.jpg 400w\" sizes=\"auto, (max-width: 600px) 100vw, 600px\" \/>\t\t\t\t\t\t\t\t\t\t\t<figcaption class=\"widget-image-caption wp-caption-text\"><\/figcaption>\n\t\t\t\t\t\t\t\t\t\t<\/figure>\n\t\t\t\t\t\t\t\t<\/div>\n\t\t\t\t\t\t<\/div>\n\t\t\t\t<\/div>\n\t\t\t\t<section class=\"elementor-section elementor-inner-section elementor-element elementor-element-3d3921f elementor-section-full_width elementor-section-height-default elementor-section-height-default\" data-id=\"3d3921f\" data-element_type=\"section\">\n\t\t\t\t\t\t<div class=\"elementor-container elementor-column-gap-no\">\n\t\t\t\t\t\t\t<div class=\"elementor-row\">\n\t\t\t\t\t<div class=\"elementor-column elementor-col-50 elementor-inner-column elementor-element elementor-element-5b32b10 animated-fast elementor-invisible\" data-id=\"5b32b10\" data-element_type=\"column\" data-settings=\"{&quot;animation&quot;:&quot;opal-move-up&quot;}\">\n\t\t\t<div class=\"elementor-column-wrap elementor-element-populated\">\n\t\t\t\t\t\t\t<div class=\"elementor-widget-wrap\">\n\t\t\t\t\t\t<div class=\"elementor-element elementor-element-b9186fb elementor-widget elementor-widget-heading\" data-id=\"b9186fb\" data-element_type=\"widget\" data-widget_type=\"heading.default\">\n\t\t\t\t<div class=\"elementor-widget-container\">\n\t\t\t<h2 class=\"elementor-heading-title elementor-size-default\">Jubil\u00e4umsfeier<\/h2>\t\t<\/div>\n\t\t\t\t<\/div>\n\t\t\t\t<div class=\"elementor-element elementor-element-f247742 elementor-widget elementor-widget-text-editor\" data-id=\"f247742\" data-element_type=\"widget\" data-widget_type=\"text-editor.default\">\n\t\t\t\t<div class=\"elementor-widget-container\">\n\t\t\t        <div class=\"elementor-text-editor elementor-clearfix\"><p>Ihr seid bereits verheiratet und m\u00f6chtet noch einmal JA zueinander sagen?<\/p><p>Egal wie viele Jahre es bereits sind &#8211; was ihr alles miteinander erlebt habt, ist einzigartig &#8211; und kann mit einer ganz besonderen, pers\u00f6nlichen Zeremonie gefeiert werden. <\/p><\/div>\n        \t\t<\/div>\n\t\t\t\t<\/div>\n\t\t\t\t\t\t<\/div>\n\t\t\t\t\t<\/div>\n\t\t<\/div>\n\t\t\t\t<div class=\"elementor-column elementor-col-50 elementor-inner-column elementor-element elementor-element-5c8a9ee animated-fast elementor-invisible\" data-id=\"5c8a9ee\" data-element_type=\"column\" data-settings=\"{&quot;animation&quot;:&quot;opal-move-up&quot;}\">\n\t\t\t<div class=\"elementor-column-wrap elementor-element-populated\">\n\t\t\t\t\t\t\t<div class=\"elementor-widget-wrap\">\n\t\t\t\t\t\t<div class=\"elementor-element elementor-element-a96f046 elementor-widget elementor-widget-image\" data-id=\"a96f046\" data-element_type=\"widget\" data-widget_type=\"image.default\">\n\t\t\t\t<div class=\"elementor-widget-container\">\n\t\t\t\t\t\t\t\t<div class=\"elementor-image\">\n\t\t\t\t\t\t\t\t\t\t\t\t<img loading=\"lazy\" decoding=\"async\" width=\"600\" height=\"400\" src=\"https:\/\/weddyplans.at\/wp-content\/uploads\/2026\/02\/070A9918-1024x683.jpg\" class=\"attachment-large size-large\" alt=\"\" srcset=\"https:\/\/weddyplans.at\/wp-content\/uploads\/2026\/02\/070A9918-1024x683.jpg 1024w, https:\/\/weddyplans.at\/wp-content\/uploads\/2026\/02\/070A9918-300x200.jpg 300w, https:\/\/weddyplans.at\/wp-content\/uploads\/2026\/02\/070A9918-768x512.jpg 768w, https:\/\/weddyplans.at\/wp-content\/uploads\/2026\/02\/070A9918-1536x1024.jpg 1536w, https:\/\/weddyplans.at\/wp-content\/uploads\/2026\/02\/070A9918-2048x1365.jpg 2048w, https:\/\/weddyplans.at\/wp-content\/uploads\/2026\/02\/070A9918-400x267.jpg 400w\" sizes=\"auto, (max-width: 600px) 100vw, 600px\" \/>\t\t\t\t\t\t\t\t\t\t\t\t\t\t<\/div>\n\t\t\t\t\t\t<\/div>\n\t\t\t\t<\/div>\n\t\t\t\t\t\t<\/div>\n\t\t\t\t\t<\/div>\n\t\t<\/div>\n\t\t\t\t\t\t\t\t<\/div>\n\t\t\t\t\t<\/div>\n\t\t<\/section>\n\t\t\t\t\t\t<\/div>\n\t\t\t\t\t<\/div>\n\t\t<\/div>\n\t\t\t\t\t\t\t\t<\/div>\n\t\t\t\t\t<\/div>\n\t\t<\/section>\n\t\t\t\t<section class=\"elementor-section elementor-top-section elementor-element elementor-element-a33af73 elementor-section-stretched elementor-section-full_width elementor-section-height-min-height elementor-section-content-middle elementor-section-height-default elementor-section-items-middle elementor-invisible\" data-id=\"a33af73\" data-element_type=\"section\" data-settings=\"{&quot;stretch_section&quot;:&quot;section-stretched&quot;,&quot;background_background&quot;:&quot;classic&quot;,&quot;animation&quot;:&quot;opal-move-up&quot;}\">\n\t\t\t\t\t\t\t<div class=\"elementor-background-overlay\"><\/div>\n\t\t\t\t\t\t\t<div class=\"elementor-container elementor-column-gap-no\">\n\t\t\t\t\t\t\t<div class=\"elementor-row\">\n\t\t\t\t\t<div class=\"elementor-column elementor-col-50 elementor-top-column elementor-element elementor-element-dcecae8\" data-id=\"dcecae8\" data-element_type=\"column\" data-settings=\"{&quot;background_background&quot;:&quot;classic&quot;}\">\n\t\t\t<div class=\"elementor-column-wrap\">\n\t\t\t\t\t\t\t<div class=\"elementor-widget-wrap\">\n\t\t\t\t\t\t\t\t<\/div>\n\t\t\t\t\t<\/div>\n\t\t<\/div>\n\t\t\t\t<div class=\"elementor-column elementor-col-50 elementor-top-column elementor-element elementor-element-1e95e62\" data-id=\"1e95e62\" data-element_type=\"column\">\n\t\t\t<div class=\"elementor-column-wrap elementor-element-populated\">\n\t\t\t\t\t\t\t<div class=\"elementor-widget-wrap\">\n\t\t\t\t\t\t<div class=\"elementor-element elementor-element-61a17a3 elementor-widget elementor-widget-text-editor\" data-id=\"61a17a3\" data-element_type=\"widget\" data-widget_type=\"text-editor.default\">\n\t\t\t\t<div class=\"elementor-widget-container\">\n\t\t\t        <div class=\"elementor-text-editor elementor-clearfix\"><p>Lernt mich als Rednerin kennen &#8211; ich freue mich auf eure Geschichte.<\/p><\/div>\n        \t\t<\/div>\n\t\t\t\t<\/div>\n\t\t\t\t<div class=\"elementor-element elementor-element-a1886d2 elementor-wpcf7-button-lg elementor-align-left elementor-wpcf7-button-secondary elementor-invisible elementor-widget elementor-widget-opal-contactform7\" data-id=\"a1886d2\" data-element_type=\"widget\" data-settings=\"{&quot;_animation&quot;:&quot;opal-move-up&quot;}\" data-widget_type=\"opal-contactform7.default\">\n\t\t\t\t<div class=\"elementor-widget-container\">\n\t\t\t<div role=\"form\" class=\"wpcf7\" id=\"wpcf7-f6-o1\" lang=\"de-DE\" dir=\"ltr\">\n<div class=\"screen-reader-response\" aria-live=\"polite\"><\/div>\n<form action=\"\/index.php\/wp-json\/wp\/v2\/pages\/3778#wpcf7-f6-o1\" method=\"post\" class=\"wpcf7-form\" novalidate=\"novalidate\">\n<div style=\"display: none;\">\n<input type=\"hidden\" name=\"_wpcf7\" value=\"6\" \/>\n<input type=\"hidden\" name=\"_wpcf7_version\" value=\"5.1.8\" \/>\n<input type=\"hidden\" name=\"_wpcf7_locale\" value=\"de_DE\" \/>\n<input type=\"hidden\" name=\"_wpcf7_unit_tag\" value=\"wpcf7-f6-o1\" \/>\n<input type=\"hidden\" name=\"_wpcf7_container_post\" value=\"0\" \/>\n<\/div>\n<p><label> Name<br \/>\n    <span class=\"wpcf7-form-control-wrap your-name\"><input type=\"text\" name=\"your-name\" value=\"\" size=\"40\" class=\"wpcf7-form-control wpcf7-text wpcf7-validates-as-required\" aria-required=\"true\" aria-invalid=\"false\" \/><\/span> <\/label><\/p>\n<p><label> Email<br \/>\n    <span class=\"wpcf7-form-control-wrap your-email\"><input type=\"email\" name=\"your-email\" value=\"\" size=\"40\" class=\"wpcf7-form-control wpcf7-text wpcf7-email wpcf7-validates-as-required wpcf7-validates-as-email\" aria-required=\"true\" aria-invalid=\"false\" \/><\/span> <\/label><\/p>\n<p><label> Betreff<br \/>\n    <span class=\"wpcf7-form-control-wrap your-subject\"><input type=\"text\" name=\"your-subject\" value=\"\" size=\"40\" class=\"wpcf7-form-control wpcf7-text\" aria-invalid=\"false\" \/><\/span> <\/label><\/p>\n<p><label> Nachricht<br \/>\n    <span class=\"wpcf7-form-control-wrap your-message\"><textarea name=\"your-message\" cols=\"40\" rows=\"10\" class=\"wpcf7-form-control wpcf7-textarea\" aria-invalid=\"false\"><\/textarea><\/span> <\/label><\/p>\n<p><input type=\"submit\" value=\"senden\" class=\"wpcf7-form-control wpcf7-submit\" \/><\/p>\n<div class=\"wpcf7-response-output wpcf7-display-none\" aria-hidden=\"true\"><\/div><\/form><\/div>\t\t<\/div>\n\t\t\t\t<\/div>\n\t\t\t\t\t\t<\/div>\n\t\t\t\t\t<\/div>\n\t\t<\/div>\n\t\t\t\t\t\t\t\t<\/div>\n\t\t\t\t\t<\/div>\n\t\t<\/section>\n\t\t\t\t\t\t\t\t\t<\/div>\n\t\t\t<\/div>\n\t\t\t\t\t<\/div>\n\t\t","protected":false},"excerpt":{"rendered":"<p>Freie Reden \u00a0 Worte verbinden, ber\u00fchren und bleiben. Als freie Rednerin wei\u00df ich, dass die sch\u00f6nsten Geschichten die sind, die das Leben schreibt.\u00a0 Mein Versprechen: Keine Texte von der Stange, keine leeren Phrasen. Sondern eine Rede, die euch widerspiegelt, eure G\u00e4ste ber\u00fchrt und als unvergesslicher Moment in Erinnerung bleibt. Freie Trauung Ihr m\u00f6chtet eine Trauung, &hellip; <\/p>\n<p class=\"link-more\"><a href=\"https:\/\/weddyplans.at\/index.php\/freie-reden-2\/\" class=\"more-link\">Read More <span class=\"screen-reader-text\"> &#8220;Freie Reden&#8221;<\/span><\/a><\/p>\n","protected":false},"author":1,"featured_media":0,"parent":0,"menu_order":0,"comment_status":"closed","ping_status":"closed","template":"page-elementor.php","meta":{"inline_featured_image":false,"footnotes":""},"class_list":["post-3778","page","type-page","status-publish","hentry"],"_links":{"self":[{"href":"https:\/\/weddyplans.at\/index.php\/wp-json\/wp\/v2\/pages\/3778","targetHints":{"allow":["GET"]}}],"collection":[{"href":"https:\/\/weddyplans.at\/index.php\/wp-json\/wp\/v2\/pages"}],"about":[{"href":"https:\/\/weddyplans.at\/index.php\/wp-json\/wp\/v2\/types\/page"}],"author":[{"embeddable":true,"href":"https:\/\/weddyplans.at\/index.php\/wp-json\/wp\/v2\/users\/1"}],"replies":[{"embeddable":true,"href":"https:\/\/weddyplans.at\/index.php\/wp-json\/wp\/v2\/comments?post=3778"}],"version-history":[{"count":36,"href":"https:\/\/weddyplans.at\/index.php\/wp-json\/wp\/v2\/pages\/3778\/revisions"}],"predecessor-version":[{"id":4387,"href":"https:\/\/weddyplans.at\/index.php\/wp-json\/wp\/v2\/pages\/3778\/revisions\/4387"}],"wp:attachment":[{"href":"https:\/\/weddyplans.at\/index.php\/wp-json\/wp\/v2\/media?parent=3778"}],"curies":[{"name":"wp","href":"https:\/\/api.w.org\/{rel}","templated":true}]}}