{"id":3,"date":"2019-02-27T08:04:08","date_gmt":"2019-02-27T08:04:08","guid":{"rendered":"http:\/\/source.wpopal.com\/dreama\/?page_id=3"},"modified":"2026-02-21T19:57:32","modified_gmt":"2026-02-21T19:57:32","slug":"impressum","status":"publish","type":"page","link":"https:\/\/weddyplans.at\/index.php\/impressum\/","title":{"rendered":"Impressum"},"content":{"rendered":"\t\t<div data-elementor-type=\"wp-page\" data-elementor-id=\"3\" class=\"elementor elementor-3\">\n\t\t\t\t\t\t<div class=\"elementor-inner\">\n\t\t\t\t<div class=\"elementor-section-wrap\">\n\t\t\t\t\t\t\t\t\t<section class=\"elementor-section elementor-top-section elementor-element elementor-element-4b81c1f4 elementor-section-boxed elementor-section-height-default elementor-section-height-default\" data-id=\"4b81c1f4\" data-element_type=\"section\">\n\t\t\t\t\t\t<div class=\"elementor-container elementor-column-gap-default\">\n\t\t\t\t\t\t\t<div class=\"elementor-row\">\n\t\t\t\t\t<div class=\"elementor-column elementor-col-100 elementor-top-column elementor-element elementor-element-5aef4ceb\" data-id=\"5aef4ceb\" data-element_type=\"column\">\n\t\t\t<div class=\"elementor-column-wrap elementor-element-populated\">\n\t\t\t\t\t\t\t<div class=\"elementor-widget-wrap\">\n\t\t\t\t\t\t<div class=\"elementor-element elementor-element-2dbd2b55 elementor-widget elementor-widget-text-editor\" data-id=\"2dbd2b55\" data-element_type=\"widget\" data-widget_type=\"text-editor.default\">\n\t\t\t\t<div class=\"elementor-widget-container\">\n\t\t\t        <div class=\"elementor-text-editor elementor-clearfix\"><!-- wp:heading -->\n<h2>Impressum<\/h2>\n<p><strong>Weddyplans e.U.<\/strong><\/p>\n<p><strong>Sabrina Hofer,\u00a0<\/strong>Kleinzell 99, 4115 Kleinzell im M\u00fchlkreis, Austria<\/p>\n<p>Tel.:\u00a0+43 660 1660330, office@weddyplans.at<\/p>\n<p>FN: 530434 a<br \/>FB-Gericht: Landesgericht Linz<\/p>\n<p>Gewerbewortlaut: Freies Gewerbe<br \/>Gesch\u00e4ftszweig: Hochzeitsplanung<br \/>Berufsgruppe: Organisation von Veranstaltungen, M\u00e4rkten und Messen (Eventmanagement)<\/p>\n<p>Freie Rednerin<\/p>\n<!-- \/wp:heading --><!-- wp:paragraph --><!-- \/wp:heading --><!-- wp:heading {\"level\":3} -->\n<h3>Haftungsausschluss<\/h3>\n<p>Alle Angaben auf dieser Website erfolgen v\u00f6llig unverbindlich. Es wird f\u00fcr diese keine wie immer geartete Haftung oder Gew\u00e4hrleistung \u00fcbernommen. Ebenso wird weder f\u00fcr die rechtliche Richtigkeit noch die inhaltliche Vollst\u00e4ndigkeit, sowie f\u00fcr die Legalit\u00e4t der Inhalte durch Links erreichbarer Seiten gehaftet, noch Gew\u00e4hr geleistet.\u00a0<\/p>\n<!-- \/wp:heading --><!-- wp:paragraph --><!-- \/wp:paragraph --><!-- wp:heading {\"level\":3} -->\n<h3>Urheberrechte<\/h3>\n<!-- \/wp:heading --><!-- wp:paragraph -->\n<p>Diese Website ist urheberrechtlich gesch\u00fctzt. Alle Rechte sind den Autoren dieser Website vorbehalten.\u00a0<br \/>Der Download von Bildern und Fotos auf <a href=\"https:\/\/weddyplans.at\">https:\/\/weddyplans.at<\/a> ist strengstens untersagt und unterliegt dem Urheberrecht, sowie dem Copyright der jeweiligen Urheber.<\/p>\n<!-- \/wp:paragraph --><!-- wp:heading {\"level\":3} -->\n<h3>Urheber<\/h3>\n<!-- \/wp:heading --><!-- wp:heading {\"level\":3} --><!-- \/wp:heading --><!-- wp:paragraph -->\n<p>Ein Dank gilt Julia M\u00fchlberger und G\u00fcnther Angerer sowie den vielen Brautpaaren, die mir freundlicherweise ihre Fotos zur Ver\u00f6ffentlichung auf dieser Website zur Verf\u00fcgung stellen.<\/p>\n<!-- \/wp:paragraph --><!-- wp:paragraph --><!-- \/wp:heading --><\/div>\n        \t\t<\/div>\n\t\t\t\t<\/div>\n\t\t\t\t\t\t<\/div>\n\t\t\t\t\t<\/div>\n\t\t<\/div>\n\t\t\t\t\t\t\t\t<\/div>\n\t\t\t\t\t<\/div>\n\t\t<\/section>\n\t\t\t\t\t\t\t\t\t<\/div>\n\t\t\t<\/div>\n\t\t\t\t\t<\/div>\n\t\t","protected":false},"excerpt":{"rendered":"<p>Impressum Weddyplans e.U. Sabrina Hofer,\u00a0Kleinzell 99, 4115 Kleinzell im M\u00fchlkreis, Austria Tel.:\u00a0+43 660 1660330, office@weddyplans.at FN: 530434 aFB-Gericht: Landesgericht Linz Gewerbewortlaut: Freies GewerbeGesch\u00e4ftszweig: HochzeitsplanungBerufsgruppe: Organisation von Veranstaltungen, M\u00e4rkten und Messen (Eventmanagement) Freie Rednerin Haftungsausschluss Alle Angaben auf dieser Website erfolgen v\u00f6llig unverbindlich. Es wird f\u00fcr diese keine wie immer geartete Haftung oder Gew\u00e4hrleistung \u00fcbernommen. Ebenso &hellip; <\/p>\n<p class=\"link-more\"><a href=\"https:\/\/weddyplans.at\/index.php\/impressum\/\" class=\"more-link\">Read More <span class=\"screen-reader-text\"> &#8220;Impressum&#8221;<\/span><\/a><\/p>\n","protected":false},"author":1,"featured_media":0,"parent":0,"menu_order":0,"comment_status":"closed","ping_status":"closed","template":"","meta":{"inline_featured_image":false,"footnotes":""},"class_list":["post-3","page","type-page","status-publish","hentry"],"_links":{"self":[{"href":"https:\/\/weddyplans.at\/index.php\/wp-json\/wp\/v2\/pages\/3","targetHints":{"allow":["GET"]}}],"collection":[{"href":"https:\/\/weddyplans.at\/index.php\/wp-json\/wp\/v2\/pages"}],"about":[{"href":"https:\/\/weddyplans.at\/index.php\/wp-json\/wp\/v2\/types\/page"}],"author":[{"embeddable":true,"href":"https:\/\/weddyplans.at\/index.php\/wp-json\/wp\/v2\/users\/1"}],"replies":[{"embeddable":true,"href":"https:\/\/weddyplans.at\/index.php\/wp-json\/wp\/v2\/comments?post=3"}],"version-history":[{"count":6,"href":"https:\/\/weddyplans.at\/index.php\/wp-json\/wp\/v2\/pages\/3\/revisions"}],"predecessor-version":[{"id":4342,"href":"https:\/\/weddyplans.at\/index.php\/wp-json\/wp\/v2\/pages\/3\/revisions\/4342"}],"wp:attachment":[{"href":"https:\/\/weddyplans.at\/index.php\/wp-json\/wp\/v2\/media?parent=3"}],"curies":[{"name":"wp","href":"https:\/\/api.w.org\/{rel}","templated":true}]}}