{"id":2041,"date":"2019-03-05T02:41:29","date_gmt":"2019-03-05T02:41:29","guid":{"rendered":"http:\/\/source.wpopal.com\/dreama\/?page_id=2041"},"modified":"2026-02-21T19:27:21","modified_gmt":"2026-02-21T19:27:21","slug":"service","status":"publish","type":"page","link":"https:\/\/weddyplans.at\/index.php\/service\/","title":{"rendered":"Hochzeitsplanung"},"content":{"rendered":"\t\t<div data-elementor-type=\"wp-post\" data-elementor-id=\"2041\" class=\"elementor elementor-2041\">\n\t\t\t\t\t\t<div class=\"elementor-inner\">\n\t\t\t\t<div class=\"elementor-section-wrap\">\n\t\t\t\t\t\t\t\t\t<section class=\"elementor-section elementor-top-section elementor-element elementor-element-b4df592 elementor-section-boxed elementor-section-height-default elementor-section-height-default\" data-id=\"b4df592\" data-element_type=\"section\">\n\t\t\t\t\t\t<div class=\"elementor-container elementor-column-gap-no\">\n\t\t\t\t\t\t\t<div class=\"elementor-row\">\n\t\t\t\t\t<div class=\"elementor-column elementor-col-100 elementor-top-column elementor-element elementor-element-a4db6bd\" data-id=\"a4db6bd\" data-element_type=\"column\">\n\t\t\t<div class=\"elementor-column-wrap elementor-element-populated\">\n\t\t\t\t\t\t\t<div class=\"elementor-widget-wrap\">\n\t\t\t\t\t\t<div class=\"elementor-element elementor-element-ff14bfd animated-fast elementor-invisible elementor-widget elementor-widget-heading\" data-id=\"ff14bfd\" data-element_type=\"widget\" data-settings=\"{&quot;_animation&quot;:&quot;opal-move-up&quot;}\" data-widget_type=\"heading.default\">\n\t\t\t\t<div class=\"elementor-widget-container\">\n\t\t\t<h2 class=\"elementor-heading-title elementor-size-default\">Hochzeitsplanung<\/h2>\t\t<\/div>\n\t\t\t\t<\/div>\n\t\t\t\t<div class=\"elementor-element elementor-element-62b68c5 animated-fast elementor-invisible elementor-widget elementor-widget-text-editor\" data-id=\"62b68c5\" data-element_type=\"widget\" data-settings=\"{&quot;_animation&quot;:&quot;opal-move-up&quot;}\" data-widget_type=\"text-editor.default\">\n\t\t\t\t<div class=\"elementor-widget-container\">\n\t\t\t        <div class=\"elementor-text-editor elementor-clearfix\"><p>Ihr m\u00f6chtet eure Hochzeit ganz nach euren Vorstellungen feiern?<\/p><p>Ob klassisch, modern oder au\u00dfergew\u00f6hnlich &#8211; ich begleite euch von der ersten Idee bis zum gro\u00dfen Tag.<\/p><p>Euer Vorteil: Jedes Detail wird individuell geplant. Ihr genie\u00dft die Vorfreude &#8211; ich k\u00fcmmere mich um den Rest.<\/p><\/div>\n        \t\t<\/div>\n\t\t\t\t<\/div>\n\t\t\t\t<section class=\"elementor-section elementor-inner-section elementor-element elementor-element-694a37e elementor-section-full_width elementor-section-height-default elementor-section-height-default\" data-id=\"694a37e\" data-element_type=\"section\">\n\t\t\t\t\t\t<div class=\"elementor-container elementor-column-gap-no\">\n\t\t\t\t\t\t\t<div class=\"elementor-row\">\n\t\t\t\t\t<div class=\"elementor-column elementor-col-50 elementor-inner-column elementor-element elementor-element-514daab animated-fast elementor-invisible\" data-id=\"514daab\" data-element_type=\"column\" data-settings=\"{&quot;animation&quot;:&quot;opal-move-up&quot;}\">\n\t\t\t<div class=\"elementor-column-wrap elementor-element-populated\">\n\t\t\t\t\t\t\t<div class=\"elementor-widget-wrap\">\n\t\t\t\t\t\t<div class=\"elementor-element elementor-element-9f2c4f7 elementor-widget elementor-widget-heading\" data-id=\"9f2c4f7\" data-element_type=\"widget\" data-widget_type=\"heading.default\">\n\t\t\t\t<div class=\"elementor-widget-container\">\n\t\t\t<h2 class=\"elementor-heading-title elementor-size-default\">Komplettplanung<\/h2>\t\t<\/div>\n\t\t\t\t<\/div>\n\t\t\t\t<div class=\"elementor-element elementor-element-92b59af elementor-widget elementor-widget-text-editor\" data-id=\"92b59af\" data-element_type=\"widget\" data-widget_type=\"text-editor.default\">\n\t\t\t\t<div class=\"elementor-widget-container\">\n\t\t\t        <div class=\"elementor-text-editor elementor-clearfix\"><ul><li>kostenloses Kennenlerngesp\u00e4ch (gerne auch \u00fcber Videotelefonie)<\/li><li>ausf\u00fchrliches Planungsgespr\u00e4ch inkl. Konzeptentwicklung und grober Budgetplanung<\/li><li>Einholung und Vergleich passender Angebote aller Dienstleister<\/li><li>Erstellung eines individuellen Hochzeitskonzepts (Motto, Stil, Dekoration)<\/li><li>Detaillierte Budgeterstellung sowie laufende Kostenkontrolle<\/li><li>Recherche und Auswahl eurer perfekten Hochzeitslocation<\/li><li>\u00a0Koordination und Abstimmung aller Dienstleistern<\/li><li>Erstellung eines detaillierten Ablaufplans f\u00fcr den Hochzeitstag<\/li><li>Pers\u00f6nliche Betreuung am Hochzeitstag (Ansprechpartnerin f\u00fcr die Professionisten, Betreuung der G\u00e4ste bei Fragen\/W\u00fcnschen und nat\u00fcrlich St\u00fctze f\u00fcr das Brautpaar diskret im Hintergrund)<\/li><li><strong>inklusive Notfallspaket<\/strong>: Von Ersatzstrumpfhose, Haarspray, Pflaster f\u00fcr m\u00fcde und schmerzende Tanzf\u00fc\u00dfe bis zum Notfall-N\u00e4hset ist alles dabei und noch Vieles mehr<\/li><li>Einkaufsbegleitung f\u00fcr die Braut<\/li><li>Einkaufsbegleitung f\u00fcr den Br\u00e4utigam<\/li><\/ul><p><strong>Preis auf Anfrage!<\/strong><\/p><\/div>\n        \t\t<\/div>\n\t\t\t\t<\/div>\n\t\t\t\t\t\t<\/div>\n\t\t\t\t\t<\/div>\n\t\t<\/div>\n\t\t\t\t<div class=\"elementor-column elementor-col-50 elementor-inner-column elementor-element elementor-element-6460327 animated-fast elementor-invisible\" data-id=\"6460327\" data-element_type=\"column\" data-settings=\"{&quot;animation&quot;:&quot;opal-move-up&quot;,&quot;animation_delay&quot;:200}\">\n\t\t\t<div class=\"elementor-column-wrap elementor-element-populated\">\n\t\t\t\t\t\t\t<div class=\"elementor-widget-wrap\">\n\t\t\t\t\t\t<div class=\"elementor-element elementor-element-d8f86f3 elementor-widget elementor-widget-heading\" data-id=\"d8f86f3\" data-element_type=\"widget\" data-widget_type=\"heading.default\">\n\t\t\t\t<div class=\"elementor-widget-container\">\n\t\t\t<h2 class=\"elementor-heading-title elementor-size-default\">Teilplanung<\/h2>\t\t<\/div>\n\t\t\t\t<\/div>\n\t\t\t\t<div class=\"elementor-element elementor-element-04d0b97 elementor-widget elementor-widget-text-editor\" data-id=\"04d0b97\" data-element_type=\"widget\" data-widget_type=\"text-editor.default\">\n\t\t\t\t<div class=\"elementor-widget-container\">\n\t\t\t        <div class=\"elementor-text-editor elementor-clearfix\"><div>Ihr plant eure Hochzeit teilweise selbst, w\u00fcnscht euch aber professionelle Unterst\u00fctzung in bestimmten Bereichen? Oder euch fehlt noch die z\u00fcndende Idee, die eure Hochzeit besonders macht?<\/div><div>\u00a0<\/div><div>Leistungen:<\/div><ul><li>Kostenloses Kennenlerngespr\u00e4ch (auch per Videotelefonie)<\/li><li>individuelle Unterst\u00fctzung genau dort, wo ihr sie braucht<\/li><li>Erg\u00e4nzung, Optimierung und Strukturierung eurer bisherigen Planung<\/li><\/ul><p><strong>Preis auf Anfrage!<\/strong><\/p><\/div>\n        \t\t<\/div>\n\t\t\t\t<\/div>\n\t\t\t\t\t\t<\/div>\n\t\t\t\t\t<\/div>\n\t\t<\/div>\n\t\t\t\t\t\t\t\t<\/div>\n\t\t\t\t\t<\/div>\n\t\t<\/section>\n\t\t\t\t<section class=\"elementor-section elementor-inner-section elementor-element elementor-element-3d3921f elementor-section-full_width elementor-section-height-default elementor-section-height-default\" data-id=\"3d3921f\" data-element_type=\"section\">\n\t\t\t\t\t\t<div class=\"elementor-container elementor-column-gap-no\">\n\t\t\t\t\t\t\t<div class=\"elementor-row\">\n\t\t\t\t\t<div class=\"elementor-column elementor-col-50 elementor-inner-column elementor-element elementor-element-5b32b10 animated-fast elementor-invisible\" data-id=\"5b32b10\" data-element_type=\"column\" data-settings=\"{&quot;animation&quot;:&quot;opal-move-up&quot;}\">\n\t\t\t<div class=\"elementor-column-wrap elementor-element-populated\">\n\t\t\t\t\t\t\t<div class=\"elementor-widget-wrap\">\n\t\t\t\t\t\t<div class=\"elementor-element elementor-element-6406879 elementor-widget elementor-widget-heading\" data-id=\"6406879\" data-element_type=\"widget\" data-widget_type=\"heading.default\">\n\t\t\t\t<div class=\"elementor-widget-container\">\n\t\t\t<h2 class=\"elementor-heading-title elementor-size-default\">DIY-Check<\/h2>\t\t<\/div>\n\t\t\t\t<\/div>\n\t\t\t\t<div class=\"elementor-element elementor-element-527d8c2 elementor-widget elementor-widget-text-editor\" data-id=\"527d8c2\" data-element_type=\"widget\" data-widget_type=\"text-editor.default\">\n\t\t\t\t<div class=\"elementor-widget-container\">\n\t\t\t        <div class=\"elementor-text-editor elementor-clearfix\"><p>Der &#8220;do-it-yourself&#8221;-Check beinhaltet folgende Leistungen:<\/p><ul><li>kostenloses Kennenlerngespr\u00e4ch (gerne auch \u00fcber Videotelefonie)<\/li><li>Abkl\u00e4rung aller Dienstleistungen<\/li><li>Optimierung des Zeitplans<\/li><li>Erg\u00e4nzung von Vorbereitungen<\/li><li>Tipps &amp; Tricks\u00a0 &#8211; angepasst auf Eure Hochzeit<\/li><\/ul><p><strong>Preis: ab \u20ac 120,-<\/strong><\/p><\/div>\n        \t\t<\/div>\n\t\t\t\t<\/div>\n\t\t\t\t\t\t<\/div>\n\t\t\t\t\t<\/div>\n\t\t<\/div>\n\t\t\t\t<div class=\"elementor-column elementor-col-50 elementor-inner-column elementor-element elementor-element-4f6ec40 animated-fast elementor-invisible\" data-id=\"4f6ec40\" data-element_type=\"column\" data-settings=\"{&quot;animation&quot;:&quot;opal-move-up&quot;,&quot;animation_delay&quot;:200}\">\n\t\t\t<div class=\"elementor-column-wrap elementor-element-populated\">\n\t\t\t\t\t\t\t<div class=\"elementor-widget-wrap\">\n\t\t\t\t\t\t<div class=\"elementor-element elementor-element-8e67bc6 elementor-widget elementor-widget-heading\" data-id=\"8e67bc6\" data-element_type=\"widget\" data-widget_type=\"heading.default\">\n\t\t\t\t<div class=\"elementor-widget-container\">\n\t\t\t<h2 class=\"elementor-heading-title elementor-size-default\">Betreuung am Hochzeitstag<\/h2>\t\t<\/div>\n\t\t\t\t<\/div>\n\t\t\t\t<div class=\"elementor-element elementor-element-d406d04 elementor-widget elementor-widget-text-editor\" data-id=\"d406d04\" data-element_type=\"widget\" data-widget_type=\"text-editor.default\">\n\t\t\t\t<div class=\"elementor-widget-container\">\n\t\t\t        <div class=\"elementor-text-editor elementor-clearfix\"><div>Ihr habt alles geplant &#8211; m\u00f6chtet euren Hochzeitstag aber ohne Stress genie\u00dfen? Ich k\u00fcmmere mich um einen reibungslosen Ablauf.<\/div><div>\u00a0<\/div><div>Leistungen:\u00a0<\/div><ul><li>kostenloses Kennenlerngespr\u00e4ch (auch per Videotelefonie)<\/li><li>gemeinsame Besichtigung der Location<\/li><li>Erstellung eines detaillierten Zeitplans f\u00fcr Brautpaar und Dienstleister<\/li><li>Koordination aller Beteiligten am Hochzeitstag<\/li><li>Ansprechpartnerin f\u00fcr G\u00e4ste und Dienstleister<\/li><li>Diskrete Unterst\u00fctzung f\u00fcr das Brautpaar<\/li><li><strong>inklusive Notfallspaket<\/strong>: Von Ersatzstrumpfhose, Haarspray, Plaster f\u00fcr m\u00fcde und schmerzende Tanzf\u00fc\u00dfe bis zum Notfall-N\u00e4hset ist alles dabei und noch Vieles mehr<\/li><\/ul><div><strong>Preis auf Anfrage!<\/strong><\/div><\/div>\n        \t\t<\/div>\n\t\t\t\t<\/div>\n\t\t\t\t\t\t<\/div>\n\t\t\t\t\t<\/div>\n\t\t<\/div>\n\t\t\t\t\t\t\t\t<\/div>\n\t\t\t\t\t<\/div>\n\t\t<\/section>\n\t\t\t\t\t\t<\/div>\n\t\t\t\t\t<\/div>\n\t\t<\/div>\n\t\t\t\t\t\t\t\t<\/div>\n\t\t\t\t\t<\/div>\n\t\t<\/section>\n\t\t\t\t<section class=\"elementor-section elementor-top-section elementor-element elementor-element-06409bb elementor-section-boxed elementor-section-height-default elementor-section-height-default\" data-id=\"06409bb\" data-element_type=\"section\">\n\t\t\t\t\t\t<div class=\"elementor-container elementor-column-gap-default\">\n\t\t\t\t\t\t\t<div class=\"elementor-row\">\n\t\t\t\t\t<div class=\"elementor-column elementor-col-50 elementor-top-column elementor-element elementor-element-85c916a\" data-id=\"85c916a\" data-element_type=\"column\">\n\t\t\t<div class=\"elementor-column-wrap elementor-element-populated\">\n\t\t\t\t\t\t\t<div class=\"elementor-widget-wrap\">\n\t\t\t\t\t\t<div class=\"elementor-element elementor-element-41f9e19 elementor-widget elementor-widget-heading\" data-id=\"41f9e19\" data-element_type=\"widget\" data-widget_type=\"heading.default\">\n\t\t\t\t<div class=\"elementor-widget-container\">\n\t\t\t<h2 class=\"elementor-heading-title elementor-size-default\">Heiratsantrag<\/h2>\t\t<\/div>\n\t\t\t\t<\/div>\n\t\t\t\t<div class=\"elementor-element elementor-element-ca9599d elementor-widget elementor-widget-text-editor\" data-id=\"ca9599d\" data-element_type=\"widget\" data-widget_type=\"text-editor.default\">\n\t\t\t\t<div class=\"elementor-widget-container\">\n\t\t\t        <div class=\"elementor-text-editor elementor-clearfix\"><p>Du willst f\u00fcr Deine Liebste oder Deinen Liebsten etwas Besonderes planen?<strong><br \/><\/strong><\/p><p>Es soll ihm oder ihr nicht nur das &#8220;JA&#8221; entlocken, sondern der besondere Moment ewig in Erinnerung bleiben?<\/p><p>Gerne unterst\u00fctze ich Dich bei der Planung und\/oder Durchf\u00fchrung deines einzigartigen Hochzeitsantrages.<\/p><ul><li>kostenloses Kennenlerngespr\u00e4ch (gerne auch \u00fcber Videotelefonie)<\/li><li>Du erh\u00e4ltst 3 auf Euch pers\u00f6nlich angepasste Vorschl\u00e4ge f\u00fcr den einzigartigen Hochzeitsantrag.<\/li><li>Danach entscheidest Du, ob du einen der Vorschl\u00e4ge selbst verwirklichen oder Dich zur\u00fccklehnen und mir die Organisation \u00fcberlassen willst.<\/li><\/ul><div><strong>Preis auf Anfrage!<\/strong><\/div><\/div>\n        \t\t<\/div>\n\t\t\t\t<\/div>\n\t\t\t\t<div class=\"elementor-element elementor-element-449a554 elementor-widget elementor-widget-spacer\" data-id=\"449a554\" data-element_type=\"widget\" data-widget_type=\"spacer.default\">\n\t\t\t\t<div class=\"elementor-widget-container\">\n\t\t\t\t\t<div class=\"elementor-spacer\">\n\t\t\t<div class=\"elementor-spacer-inner\"><\/div>\n\t\t<\/div>\n\t\t\t\t<\/div>\n\t\t\t\t<\/div>\n\t\t\t\t\t\t<\/div>\n\t\t\t\t\t<\/div>\n\t\t<\/div>\n\t\t\t\t<div class=\"elementor-column elementor-col-50 elementor-top-column elementor-element elementor-element-d5c296d\" data-id=\"d5c296d\" data-element_type=\"column\">\n\t\t\t<div class=\"elementor-column-wrap\">\n\t\t\t\t\t\t\t<div class=\"elementor-widget-wrap\">\n\t\t\t\t\t\t\t\t<\/div>\n\t\t\t\t\t<\/div>\n\t\t<\/div>\n\t\t\t\t\t\t\t\t<\/div>\n\t\t\t\t\t<\/div>\n\t\t<\/section>\n\t\t\t\t<section class=\"elementor-section elementor-top-section elementor-element elementor-element-7f468eb elementor-section-stretched elementor-section-height-min-height elementor-section-boxed elementor-section-height-default elementor-section-items-middle\" data-id=\"7f468eb\" data-element_type=\"section\" data-settings=\"{&quot;stretch_section&quot;:&quot;section-stretched&quot;,&quot;background_background&quot;:&quot;classic&quot;}\">\n\t\t\t\t\t\t<div class=\"elementor-container elementor-column-gap-no\">\n\t\t\t\t\t\t\t<div class=\"elementor-row\">\n\t\t\t\t\t<div class=\"elementor-column elementor-col-50 elementor-top-column elementor-element elementor-element-5574e1f\" data-id=\"5574e1f\" data-element_type=\"column\" data-settings=\"{&quot;background_background&quot;:&quot;classic&quot;}\">\n\t\t\t<div class=\"elementor-column-wrap elementor-element-populated\">\n\t\t\t\t\t\t\t<div class=\"elementor-widget-wrap\">\n\t\t\t\t\t\t<div class=\"elementor-element elementor-element-007fffa elementor-widget elementor-widget-heading\" data-id=\"007fffa\" data-element_type=\"widget\" data-widget_type=\"heading.default\">\n\t\t\t\t<div class=\"elementor-widget-container\">\n\t\t\t<h2 class=\"elementor-heading-title elementor-size-default\">Anfrage:<br><\/h2>\t\t<\/div>\n\t\t\t\t<\/div>\n\t\t\t\t<div class=\"elementor-element elementor-element-0452e6e elementor-wpcf7-button-secondary elementor-wpcf7-button-md elementor-widget elementor-widget-opal-contactform7\" data-id=\"0452e6e\" data-element_type=\"widget\" data-widget_type=\"opal-contactform7.default\">\n\t\t\t\t<div class=\"elementor-widget-container\">\n\t\t\t<div role=\"form\" class=\"wpcf7\" id=\"wpcf7-f6-o1\" lang=\"de-DE\" dir=\"ltr\">\n<div class=\"screen-reader-response\" aria-live=\"polite\"><\/div>\n<form action=\"\/index.php\/wp-json\/wp\/v2\/pages\/2041#wpcf7-f6-o1\" method=\"post\" class=\"wpcf7-form\" novalidate=\"novalidate\">\n<div style=\"display: none;\">\n<input type=\"hidden\" name=\"_wpcf7\" value=\"6\" \/>\n<input type=\"hidden\" name=\"_wpcf7_version\" value=\"5.1.8\" \/>\n<input type=\"hidden\" name=\"_wpcf7_locale\" value=\"de_DE\" \/>\n<input type=\"hidden\" name=\"_wpcf7_unit_tag\" value=\"wpcf7-f6-o1\" \/>\n<input type=\"hidden\" name=\"_wpcf7_container_post\" value=\"0\" \/>\n<\/div>\n<p><label> Name<br \/>\n    <span class=\"wpcf7-form-control-wrap your-name\"><input type=\"text\" name=\"your-name\" value=\"\" size=\"40\" class=\"wpcf7-form-control wpcf7-text wpcf7-validates-as-required\" aria-required=\"true\" aria-invalid=\"false\" \/><\/span> <\/label><\/p>\n<p><label> Email<br \/>\n    <span class=\"wpcf7-form-control-wrap your-email\"><input type=\"email\" name=\"your-email\" value=\"\" size=\"40\" class=\"wpcf7-form-control wpcf7-text wpcf7-email wpcf7-validates-as-required wpcf7-validates-as-email\" aria-required=\"true\" aria-invalid=\"false\" \/><\/span> <\/label><\/p>\n<p><label> Betreff<br \/>\n    <span class=\"wpcf7-form-control-wrap your-subject\"><input type=\"text\" name=\"your-subject\" value=\"\" size=\"40\" class=\"wpcf7-form-control wpcf7-text\" aria-invalid=\"false\" \/><\/span> <\/label><\/p>\n<p><label> Nachricht<br \/>\n    <span class=\"wpcf7-form-control-wrap your-message\"><textarea name=\"your-message\" cols=\"40\" rows=\"10\" class=\"wpcf7-form-control wpcf7-textarea\" aria-invalid=\"false\"><\/textarea><\/span> <\/label><\/p>\n<p><input type=\"submit\" value=\"senden\" class=\"wpcf7-form-control wpcf7-submit\" \/><\/p>\n<div class=\"wpcf7-response-output wpcf7-display-none\" aria-hidden=\"true\"><\/div><\/form><\/div>\t\t<\/div>\n\t\t\t\t<\/div>\n\t\t\t\t\t\t<\/div>\n\t\t\t\t\t<\/div>\n\t\t<\/div>\n\t\t\t\t<div class=\"elementor-column elementor-col-50 elementor-top-column elementor-element elementor-element-feb4d2a\" data-id=\"feb4d2a\" data-element_type=\"column\">\n\t\t\t<div class=\"elementor-column-wrap\">\n\t\t\t\t\t\t\t<div class=\"elementor-widget-wrap\">\n\t\t\t\t\t\t\t\t<\/div>\n\t\t\t\t\t<\/div>\n\t\t<\/div>\n\t\t\t\t\t\t\t\t<\/div>\n\t\t\t\t\t<\/div>\n\t\t<\/section>\n\t\t\t\t\t\t\t\t\t<\/div>\n\t\t\t<\/div>\n\t\t\t\t\t<\/div>\n\t\t","protected":false},"excerpt":{"rendered":"<p>Hochzeitsplanung Ihr m\u00f6chtet eure Hochzeit ganz nach euren Vorstellungen feiern? Ob klassisch, modern oder au\u00dfergew\u00f6hnlich &#8211; ich begleite euch von der ersten Idee bis zum gro\u00dfen Tag. Euer Vorteil: Jedes Detail wird individuell geplant. Ihr genie\u00dft die Vorfreude &#8211; ich k\u00fcmmere mich um den Rest. Komplettplanung kostenloses Kennenlerngesp\u00e4ch (gerne auch \u00fcber Videotelefonie) ausf\u00fchrliches Planungsgespr\u00e4ch inkl. &hellip; <\/p>\n<p class=\"link-more\"><a href=\"https:\/\/weddyplans.at\/index.php\/service\/\" class=\"more-link\">Read More <span class=\"screen-reader-text\"> &#8220;Hochzeitsplanung&#8221;<\/span><\/a><\/p>\n","protected":false},"author":1,"featured_media":0,"parent":0,"menu_order":0,"comment_status":"closed","ping_status":"closed","template":"page-elementor.php","meta":{"inline_featured_image":false,"footnotes":""},"class_list":["post-2041","page","type-page","status-publish","hentry"],"_links":{"self":[{"href":"https:\/\/weddyplans.at\/index.php\/wp-json\/wp\/v2\/pages\/2041","targetHints":{"allow":["GET"]}}],"collection":[{"href":"https:\/\/weddyplans.at\/index.php\/wp-json\/wp\/v2\/pages"}],"about":[{"href":"https:\/\/weddyplans.at\/index.php\/wp-json\/wp\/v2\/types\/page"}],"author":[{"embeddable":true,"href":"https:\/\/weddyplans.at\/index.php\/wp-json\/wp\/v2\/users\/1"}],"replies":[{"embeddable":true,"href":"https:\/\/weddyplans.at\/index.php\/wp-json\/wp\/v2\/comments?post=2041"}],"version-history":[{"count":40,"href":"https:\/\/weddyplans.at\/index.php\/wp-json\/wp\/v2\/pages\/2041\/revisions"}],"predecessor-version":[{"id":4318,"href":"https:\/\/weddyplans.at\/index.php\/wp-json\/wp\/v2\/pages\/2041\/revisions\/4318"}],"wp:attachment":[{"href":"https:\/\/weddyplans.at\/index.php\/wp-json\/wp\/v2\/media?parent=2041"}],"curies":[{"name":"wp","href":"https:\/\/api.w.org\/{rel}","templated":true}]}}