{"id":1399,"date":"2019-03-02T07:19:12","date_gmt":"2019-03-02T07:19:12","guid":{"rendered":"http:\/\/source.wpopal.com\/dreama\/cart\/"},"modified":"2020-04-18T21:35:02","modified_gmt":"2020-04-18T21:35:02","slug":"agbs","status":"publish","type":"page","link":"https:\/\/weddyplans.at\/index.php\/agbs\/","title":{"rendered":"AGBs"},"content":{"rendered":"<h2><strong>Allgemeine Gesch\u00e4ftsbedinungen &#8211; Freie Rednerin:<\/strong><\/h2>\n<p><a href=\"https:\/\/weddyplans.at\/wp-content\/uploads\/2020\/04\/ALLGEMEINE-GESCH\u00c4FTSBEDINGUNGEN-Freie-Rednerin.pdf\">ALLGEMEINE GESCH\u00c4FTSBEDINGUNGEN Freie Rednerin<\/a><\/p>\n<h2><strong>Allgemeine Gesch\u00e4ftsbedingungen &#8211; Hochzeitsplanung:<\/strong><\/h2>\n<p><a href=\"https:\/\/weddyplans.at\/wp-content\/uploads\/2020\/04\/ALLGEMEINE-GESCH\u00c4FTSBEDINGUNGEN-Hochzeitsplanung.pdf\">ALLGEMEINE GESCH\u00c4FTSBEDINGUNGEN Hochzeitsplanung<\/a><\/p>\n","protected":false},"excerpt":{"rendered":"<p>Allgemeine Gesch\u00e4ftsbedinungen &#8211; Freie Rednerin: ALLGEMEINE GESCH\u00c4FTSBEDINGUNGEN Freie Rednerin Allgemeine Gesch\u00e4ftsbedingungen &#8211; Hochzeitsplanung: ALLGEMEINE GESCH\u00c4FTSBEDINGUNGEN Hochzeitsplanung<\/p>\n","protected":false},"author":1,"featured_media":0,"parent":0,"menu_order":0,"comment_status":"closed","ping_status":"closed","template":"","meta":{"inline_featured_image":false,"footnotes":""},"class_list":["post-1399","page","type-page","status-publish","hentry"],"_links":{"self":[{"href":"https:\/\/weddyplans.at\/index.php\/wp-json\/wp\/v2\/pages\/1399","targetHints":{"allow":["GET"]}}],"collection":[{"href":"https:\/\/weddyplans.at\/index.php\/wp-json\/wp\/v2\/pages"}],"about":[{"href":"https:\/\/weddyplans.at\/index.php\/wp-json\/wp\/v2\/types\/page"}],"author":[{"embeddable":true,"href":"https:\/\/weddyplans.at\/index.php\/wp-json\/wp\/v2\/users\/1"}],"replies":[{"embeddable":true,"href":"https:\/\/weddyplans.at\/index.php\/wp-json\/wp\/v2\/comments?post=1399"}],"version-history":[{"count":3,"href":"https:\/\/weddyplans.at\/index.php\/wp-json\/wp\/v2\/pages\/1399\/revisions"}],"predecessor-version":[{"id":3875,"href":"https:\/\/weddyplans.at\/index.php\/wp-json\/wp\/v2\/pages\/1399\/revisions\/3875"}],"wp:attachment":[{"href":"https:\/\/weddyplans.at\/index.php\/wp-json\/wp\/v2\/media?parent=1399"}],"curies":[{"name":"wp","href":"https:\/\/api.w.org\/{rel}","templated":true}]}}